{"id":1141,"date":"2025-08-11T09:36:31","date_gmt":"2025-08-11T09:36:31","guid":{"rendered":"https:\/\/amdp-paysage.fr\/?page_id=1141"},"modified":"2025-11-12T13:59:52","modified_gmt":"2025-11-12T13:59:52","slug":"creation-de-jardin-2","status":"publish","type":"page","link":"https:\/\/amdp-paysage.fr\/index.php\/creation-de-jardin-2\/","title":{"rendered":"Entretien de jardin"},"content":{"rendered":"\t\t<div data-elementor-type=\"wp-page\" data-elementor-id=\"1141\" class=\"elementor elementor-1141\">\n\t\t\t\t<div class=\"elementor-element elementor-element-f9ee2d0 e-flex e-con-boxed e-con e-parent\" data-id=\"f9ee2d0\" data-element_type=\"container\" data-settings=\"{&quot;background_background&quot;:&quot;classic&quot;}\">\n\t\t\t\t\t<div class=\"e-con-inner\">\n\t\t\t\t<div class=\"elementor-element elementor-element-77d36a4 elementor-widget elementor-widget-heading\" data-id=\"77d36a4\" data-element_type=\"widget\" data-widget_type=\"heading.default\">\n\t\t\t\t\t<h1 class=\"elementor-heading-title elementor-size-default\">Entretien de jardin<\/h1>\t\t\t\t<\/div>\n\t\t\t\t<div class=\"elementor-element elementor-element-96949a3 elementor-widget elementor-widget-heading\" data-id=\"96949a3\" data-element_type=\"widget\" data-widget_type=\"heading.default\">\n\t\t\t\t\t<h1 class=\"elementor-heading-title elementor-size-default\">AMDP - Paysage<\/h1>\t\t\t\t<\/div>\n\t\t\t\t\t<\/div>\n\t\t\t\t<\/div>\n\t\t<div class=\"elementor-element elementor-element-182cb26 e-flex e-con-boxed e-con e-parent\" data-id=\"182cb26\" data-element_type=\"container\">\n\t\t\t\t\t<div class=\"e-con-inner\">\n\t\t<div class=\"elementor-element elementor-element-47abb6d e-con-full e-flex e-con e-child\" data-id=\"47abb6d\" data-element_type=\"container\">\n\t\t<div class=\"elementor-element elementor-element-93e777c e-con-full e-flex e-con e-child\" data-id=\"93e777c\" data-element_type=\"container\">\n\t\t\t\t<div class=\"elementor-element elementor-element-3d6bf22 elementor-widget elementor-widget-heading\" data-id=\"3d6bf22\" data-element_type=\"widget\" data-widget_type=\"heading.default\">\n\t\t\t\t\t<h4 class=\"elementor-heading-title elementor-size-default\">Full Name<\/h4>\t\t\t\t<\/div>\n\t\t\t\t<div class=\"elementor-element elementor-element-5767dba elementor-widget elementor-widget-heading\" data-id=\"5767dba\" data-element_type=\"widget\" data-widget_type=\"heading.default\">\n\t\t\t\t\t<p class=\"elementor-heading-title elementor-size-default\">Rythme des saisons<\/p>\t\t\t\t<\/div>\n\t\t\t\t<div class=\"elementor-element elementor-element-43b5fa5 elementor-widget elementor-widget-text-editor\" data-id=\"43b5fa5\" data-element_type=\"widget\" data-widget_type=\"text-editor.default\">\n\t\t\t\t\t\t\t\t\t<p data-start=\"261\" data-end=\"407\">Des interventions harmonis\u00e9es avec la nature pour r\u00e9v\u00e9ler la beaut\u00e9 unique de chaque p\u00e9riode de l\u2019ann\u00e9e<\/p>\t\t\t\t\t\t\t\t<\/div>\n\t\t\t\t<\/div>\n\t\t<div class=\"elementor-element elementor-element-ca9baf7 e-con-full e-flex e-con e-child\" data-id=\"ca9baf7\" data-element_type=\"container\">\n\t\t\t\t<div class=\"elementor-element elementor-element-72012d9 elementor-widget elementor-widget-heading\" data-id=\"72012d9\" data-element_type=\"widget\" data-widget_type=\"heading.default\">\n\t\t\t\t\t<h4 class=\"elementor-heading-title elementor-size-default\">Full Name<\/h4>\t\t\t\t<\/div>\n\t\t\t\t<div class=\"elementor-element elementor-element-bba9a57 elementor-widget elementor-widget-heading\" data-id=\"bba9a57\" data-element_type=\"widget\" data-widget_type=\"heading.default\">\n\t\t\t\t\t<p class=\"elementor-heading-title elementor-size-default\">solutions durables<\/p>\t\t\t\t<\/div>\n\t\t\t\t<div class=\"elementor-element elementor-element-a83b88c elementor-widget elementor-widget-text-editor\" data-id=\"a83b88c\" data-element_type=\"widget\" data-widget_type=\"text-editor.default\">\n\t\t\t\t\t\t\t\t\t<p data-start=\"331\" data-end=\"398\">&nbsp;Des m\u00e9thodes d\u2019entretien respectueuses de l\u2019environnement, privil\u00e9giant des pratiques et produits \u00e9coresponsables pour un jardin sain et p\u00e9renne.<\/p>\t\t\t\t\t\t\t\t<\/div>\n\t\t\t\t<\/div>\n\t\t<div class=\"elementor-element elementor-element-547b4e7 e-con-full e-flex e-con e-child\" data-id=\"547b4e7\" data-element_type=\"container\">\n\t\t\t\t<div class=\"elementor-element elementor-element-49af8b9 elementor-widget elementor-widget-heading\" data-id=\"49af8b9\" data-element_type=\"widget\" data-widget_type=\"heading.default\">\n\t\t\t\t\t<h4 class=\"elementor-heading-title elementor-size-default\">Full Name<\/h4>\t\t\t\t<\/div>\n\t\t\t\t<div class=\"elementor-element elementor-element-799493c elementor-widget__width-inherit elementor-widget elementor-widget-heading\" data-id=\"799493c\" data-element_type=\"widget\" data-widget_type=\"heading.default\">\n\t\t\t\t\t<p class=\"elementor-heading-title elementor-size-default\">R\u00e9activit\u00e9 et proximit\u00e9<\/p>\t\t\t\t<\/div>\n\t\t\t\t<div class=\"elementor-element elementor-element-9ba3975 elementor-widget elementor-widget-text-editor\" data-id=\"9ba3975\" data-element_type=\"widget\" data-widget_type=\"text-editor.default\">\n\t\t\t\t\t\t\t\t\t<p data-start=\"86\" data-end=\"238\">Interventions rapides et efficaces, toujours \u00e0 l\u2019\u00e9coute de vos besoins pour garantir un jardin soign\u00e9 au bon moment.<\/p>\n<p data-start=\"240\" data-end=\"409\" data-is-last-node=\"\" data-is-only-node=\"\">\n<\/p>\t\t\t\t\t\t\t\t<\/div>\n\t\t\t\t<\/div>\n\t\t\t\t<\/div>\n\t\t\t\t\t<\/div>\n\t\t\t\t<\/div>\n\t\t<div class=\"elementor-element elementor-element-333cb6e e-flex e-con-boxed e-con e-parent\" data-id=\"333cb6e\" data-element_type=\"container\">\n\t\t\t\t\t<div class=\"e-con-inner\">\n\t\t\t\t<div class=\"elementor-element elementor-element-392272f elementor-widget elementor-widget-spacer\" data-id=\"392272f\" data-element_type=\"widget\" data-widget_type=\"spacer.default\">\n\t\t\t\t\t\t\t<div class=\"elementor-spacer\">\n\t\t\t<div class=\"elementor-spacer-inner\"><\/div>\n\t\t<\/div>\n\t\t\t\t\t\t<\/div>\n\t\t\t\t\t<\/div>\n\t\t\t\t<\/div>\n\t\t<div class=\"elementor-element elementor-element-7856c05 e-flex e-con-boxed e-con e-parent\" data-id=\"7856c05\" data-element_type=\"container\">\n\t\t\t\t\t<div class=\"e-con-inner\">\n\t\t\t\t<div class=\"elementor-element elementor-element-04c6187 elementor-widget-divider--view-line elementor-widget elementor-widget-divider\" data-id=\"04c6187\" data-element_type=\"widget\" data-widget_type=\"divider.default\">\n\t\t\t\t\t\t\t<div class=\"elementor-divider\">\n\t\t\t<span class=\"elementor-divider-separator\">\n\t\t\t\t\t\t<\/span>\n\t\t<\/div>\n\t\t\t\t\t\t<\/div>\n\t\t\t\t\t<\/div>\n\t\t\t\t<\/div>\n\t\t<div class=\"elementor-element elementor-element-96020f8 e-flex e-con-boxed e-con e-parent\" data-id=\"96020f8\" data-element_type=\"container\">\n\t\t\t\t\t<div class=\"e-con-inner\">\n\t\t\t\t<div class=\"elementor-element elementor-element-d104718 elementor-widget elementor-widget-spacer\" data-id=\"d104718\" data-element_type=\"widget\" data-widget_type=\"spacer.default\">\n\t\t\t\t\t\t\t<div class=\"elementor-spacer\">\n\t\t\t<div class=\"elementor-spacer-inner\"><\/div>\n\t\t<\/div>\n\t\t\t\t\t\t<\/div>\n\t\t\t\t\t<\/div>\n\t\t\t\t<\/div>\n\t\t<div class=\"elementor-element elementor-element-154af10 e-flex e-con-boxed e-con e-parent\" data-id=\"154af10\" data-element_type=\"container\">\n\t\t\t\t\t<div class=\"e-con-inner\">\n\t\t<div class=\"elementor-element elementor-element-fa22c50 e-con-full e-flex e-con e-child\" data-id=\"fa22c50\" data-element_type=\"container\">\n\t\t\t\t<div class=\"elementor-element elementor-element-df2dc76 elementor-widget elementor-widget-image\" data-id=\"df2dc76\" data-element_type=\"widget\" data-widget_type=\"image.default\">\n\t\t\t\t\t\t\t\t\t\t\t\t\t\t\t<img fetchpriority=\"high\" decoding=\"async\" width=\"530\" height=\"470\" src=\"https:\/\/amdp-paysage.fr\/wp-content\/uploads\/2025\/08\/IMG_0053.png\" class=\"attachment-full size-full wp-image-1296\" alt=\"\" srcset=\"https:\/\/amdp-paysage.fr\/wp-content\/uploads\/2025\/08\/IMG_0053.png 530w, https:\/\/amdp-paysage.fr\/wp-content\/uploads\/2025\/08\/IMG_0053-300x266.png 300w\" sizes=\"(max-width: 530px) 100vw, 530px\" \/>\t\t\t\t\t\t\t\t\t\t\t\t\t\t\t<\/div>\n\t\t\t\t<\/div>\n\t\t<div class=\"elementor-element elementor-element-65de5b8 e-con-full e-flex e-con e-child\" data-id=\"65de5b8\" data-element_type=\"container\">\n\t\t\t\t<div class=\"elementor-element elementor-element-a3d5afa elementor-widget elementor-widget-heading\" data-id=\"a3d5afa\" data-element_type=\"widget\" data-widget_type=\"heading.default\">\n\t\t\t\t\t<h2 class=\"elementor-heading-title elementor-size-default\">Service \u00e0 la personne<\/h2>\t\t\t\t<\/div>\n\t\t\t\t<div class=\"elementor-element elementor-element-6b62158 elementor-widget elementor-widget-text-editor\" data-id=\"6b62158\" data-element_type=\"widget\" data-widget_type=\"text-editor.default\">\n\t\t\t\t\t\t\t\t\t<p>Nos prestations d\u2019entretien sont \u00e9ligible au service \u00e0 la personne (SAP).<\/p><p>Profitez de l\u2019avance imm\u00e9diate de cr\u00e9dit d\u2019imp\u00f4t : vous ne r\u00e9glez que 50% du montant de la prestation.\u00a0<\/p><p>choisir notre entreprise c\u2019est la garantie d\u2019un service de qualit\u00e9 et avantageux financi\u00e8rement.\u00a0<\/p>\t\t\t\t\t\t\t\t<\/div>\n\t\t\t\t<div class=\"elementor-element elementor-element-f8c2f33 elementor-button-info elementor-widget__width-inherit elementor-widget elementor-widget-button\" data-id=\"f8c2f33\" data-element_type=\"widget\" data-widget_type=\"button.default\">\n\t\t\t\t\t\t\t\t\t\t<a class=\"elementor-button elementor-button-link elementor-size-sm\" href=\"https:\/\/www.servicesalapersonne.gouv.fr\/beneficier-des-sap\/quelles-sont-activites-de-services-la-personne\/petits-travaux-de-jardinage\" target=\"_blank\">\n\t\t\t\t\t\t<span class=\"elementor-button-content-wrapper\">\n\t\t\t\t\t\t\t\t\t<span class=\"elementor-button-text\">En savoir plus\u2026 <\/span>\n\t\t\t\t\t<\/span>\n\t\t\t\t\t<\/a>\n\t\t\t\t\t\t\t\t<\/div>\n\t\t\t\t<\/div>\n\t\t\t\t\t<\/div>\n\t\t\t\t<\/div>\n\t\t\t\t<\/div>\n\t\t","protected":false},"excerpt":{"rendered":"<p>Entretien de jardin AMDP &#8211; Paysage Full Name Rythme des saisons Des interventions harmonis\u00e9es avec la nature pour r\u00e9v\u00e9ler la beaut\u00e9 unique de chaque p\u00e9riode de l\u2019ann\u00e9e Full Name solutions durables &nbsp;Des m\u00e9thodes d\u2019entretien respectueuses de l\u2019environnement, privil\u00e9giant des pratiques et produits \u00e9coresponsables pour un jardin sain et p\u00e9renne. Full Name R\u00e9activit\u00e9 et proximit\u00e9 Interventions [&hellip;]<\/p>\n","protected":false},"author":1,"featured_media":0,"parent":0,"menu_order":0,"comment_status":"closed","ping_status":"closed","template":"","meta":{"footnotes":""},"class_list":["post-1141","page","type-page","status-publish","hentry"],"yoast_head":"<!-- This site is optimized with the Yoast SEO plugin v26.9 - https:\/\/yoast.com\/product\/yoast-seo-wordpress\/ -->\n<title>Entretien de jardin - AMDP - Paysage<\/title>\n<meta name=\"robots\" content=\"index, follow, max-snippet:-1, max-image-preview:large, max-video-preview:-1\" \/>\n<link rel=\"canonical\" href=\"https:\/\/amdp-paysage.fr\/index.php\/creation-de-jardin-2\/\" \/>\n<meta property=\"og:locale\" content=\"fr_FR\" \/>\n<meta property=\"og:type\" content=\"article\" \/>\n<meta property=\"og:title\" content=\"Entretien de jardin - AMDP - Paysage\" \/>\n<meta property=\"og:description\" content=\"Entretien de jardin AMDP &#8211; Paysage Full Name Rythme des saisons Des interventions harmonis\u00e9es avec la nature pour r\u00e9v\u00e9ler la beaut\u00e9 unique de chaque p\u00e9riode de l\u2019ann\u00e9e Full Name solutions durables &nbsp;Des m\u00e9thodes d\u2019entretien respectueuses de l\u2019environnement, privil\u00e9giant des pratiques et produits \u00e9coresponsables pour un jardin sain et p\u00e9renne. Full Name R\u00e9activit\u00e9 et proximit\u00e9 Interventions [&hellip;]\" \/>\n<meta property=\"og:url\" content=\"https:\/\/amdp-paysage.fr\/index.php\/creation-de-jardin-2\/\" \/>\n<meta property=\"og:site_name\" content=\"AMDP - Paysage\" \/>\n<meta property=\"article:modified_time\" content=\"2025-11-12T13:59:52+00:00\" \/>\n<meta property=\"og:image\" content=\"https:\/\/amdp-paysage.fr\/wp-content\/uploads\/2025\/08\/IMG_0053.png\" \/>\n\t<meta property=\"og:image:width\" content=\"530\" \/>\n\t<meta property=\"og:image:height\" content=\"470\" \/>\n\t<meta property=\"og:image:type\" content=\"image\/png\" \/>\n<meta name=\"twitter:card\" content=\"summary_large_image\" \/>\n<meta name=\"twitter:label1\" content=\"Dur\u00e9e de lecture estim\u00e9e\" \/>\n\t<meta name=\"twitter:data1\" content=\"1 minute\" \/>\n<script type=\"application\/ld+json\" class=\"yoast-schema-graph\">{\"@context\":\"https:\/\/schema.org\",\"@graph\":[{\"@type\":\"WebPage\",\"@id\":\"https:\/\/amdp-paysage.fr\/index.php\/creation-de-jardin-2\/\",\"url\":\"https:\/\/amdp-paysage.fr\/index.php\/creation-de-jardin-2\/\",\"name\":\"Entretien de jardin - AMDP - Paysage\",\"isPartOf\":{\"@id\":\"https:\/\/amdp-paysage.fr\/#website\"},\"primaryImageOfPage\":{\"@id\":\"https:\/\/amdp-paysage.fr\/index.php\/creation-de-jardin-2\/#primaryimage\"},\"image\":{\"@id\":\"https:\/\/amdp-paysage.fr\/index.php\/creation-de-jardin-2\/#primaryimage\"},\"thumbnailUrl\":\"https:\/\/amdp-paysage.fr\/wp-content\/uploads\/2025\/08\/IMG_0053.png\",\"datePublished\":\"2025-08-11T09:36:31+00:00\",\"dateModified\":\"2025-11-12T13:59:52+00:00\",\"breadcrumb\":{\"@id\":\"https:\/\/amdp-paysage.fr\/index.php\/creation-de-jardin-2\/#breadcrumb\"},\"inLanguage\":\"fr-FR\",\"potentialAction\":[{\"@type\":\"ReadAction\",\"target\":[\"https:\/\/amdp-paysage.fr\/index.php\/creation-de-jardin-2\/\"]}]},{\"@type\":\"ImageObject\",\"inLanguage\":\"fr-FR\",\"@id\":\"https:\/\/amdp-paysage.fr\/index.php\/creation-de-jardin-2\/#primaryimage\",\"url\":\"https:\/\/amdp-paysage.fr\/wp-content\/uploads\/2025\/08\/IMG_0053.png\",\"contentUrl\":\"https:\/\/amdp-paysage.fr\/wp-content\/uploads\/2025\/08\/IMG_0053.png\",\"width\":530,\"height\":470},{\"@type\":\"BreadcrumbList\",\"@id\":\"https:\/\/amdp-paysage.fr\/index.php\/creation-de-jardin-2\/#breadcrumb\",\"itemListElement\":[{\"@type\":\"ListItem\",\"position\":1,\"name\":\"Accueil\",\"item\":\"https:\/\/amdp-paysage.fr\/\"},{\"@type\":\"ListItem\",\"position\":2,\"name\":\"Entretien de jardin\"}]},{\"@type\":\"WebSite\",\"@id\":\"https:\/\/amdp-paysage.fr\/#website\",\"url\":\"https:\/\/amdp-paysage.fr\/\",\"name\":\"AMDP - Paysage\",\"description\":\"\",\"publisher\":{\"@id\":\"https:\/\/amdp-paysage.fr\/#organization\"},\"potentialAction\":[{\"@type\":\"SearchAction\",\"target\":{\"@type\":\"EntryPoint\",\"urlTemplate\":\"https:\/\/amdp-paysage.fr\/?s={search_term_string}\"},\"query-input\":{\"@type\":\"PropertyValueSpecification\",\"valueRequired\":true,\"valueName\":\"search_term_string\"}}],\"inLanguage\":\"fr-FR\"},{\"@type\":\"Organization\",\"@id\":\"https:\/\/amdp-paysage.fr\/#organization\",\"name\":\"AMDP - Paysage\",\"url\":\"https:\/\/amdp-paysage.fr\/\",\"logo\":{\"@type\":\"ImageObject\",\"inLanguage\":\"fr-FR\",\"@id\":\"https:\/\/amdp-paysage.fr\/#\/schema\/logo\/image\/\",\"url\":\"https:\/\/amdp-paysage.fr\/wp-content\/uploads\/2025\/08\/cropped-cropped-Logo-final-V2_page-0002.jpg\",\"contentUrl\":\"https:\/\/amdp-paysage.fr\/wp-content\/uploads\/2025\/08\/cropped-cropped-Logo-final-V2_page-0002.jpg\",\"width\":512,\"height\":512,\"caption\":\"AMDP - Paysage\"},\"image\":{\"@id\":\"https:\/\/amdp-paysage.fr\/#\/schema\/logo\/image\/\"}}]}<\/script>\n<!-- \/ Yoast SEO plugin. -->","yoast_head_json":{"title":"Entretien de jardin - AMDP - Paysage","robots":{"index":"index","follow":"follow","max-snippet":"max-snippet:-1","max-image-preview":"max-image-preview:large","max-video-preview":"max-video-preview:-1"},"canonical":"https:\/\/amdp-paysage.fr\/index.php\/creation-de-jardin-2\/","og_locale":"fr_FR","og_type":"article","og_title":"Entretien de jardin - AMDP - Paysage","og_description":"Entretien de jardin AMDP &#8211; Paysage Full Name Rythme des saisons Des interventions harmonis\u00e9es avec la nature pour r\u00e9v\u00e9ler la beaut\u00e9 unique de chaque p\u00e9riode de l\u2019ann\u00e9e Full Name solutions durables &nbsp;Des m\u00e9thodes d\u2019entretien respectueuses de l\u2019environnement, privil\u00e9giant des pratiques et produits \u00e9coresponsables pour un jardin sain et p\u00e9renne. Full Name R\u00e9activit\u00e9 et proximit\u00e9 Interventions [&hellip;]","og_url":"https:\/\/amdp-paysage.fr\/index.php\/creation-de-jardin-2\/","og_site_name":"AMDP - Paysage","article_modified_time":"2025-11-12T13:59:52+00:00","og_image":[{"width":530,"height":470,"url":"https:\/\/amdp-paysage.fr\/wp-content\/uploads\/2025\/08\/IMG_0053.png","type":"image\/png"}],"twitter_card":"summary_large_image","twitter_misc":{"Dur\u00e9e de lecture estim\u00e9e":"1 minute"},"schema":{"@context":"https:\/\/schema.org","@graph":[{"@type":"WebPage","@id":"https:\/\/amdp-paysage.fr\/index.php\/creation-de-jardin-2\/","url":"https:\/\/amdp-paysage.fr\/index.php\/creation-de-jardin-2\/","name":"Entretien de jardin - AMDP - Paysage","isPartOf":{"@id":"https:\/\/amdp-paysage.fr\/#website"},"primaryImageOfPage":{"@id":"https:\/\/amdp-paysage.fr\/index.php\/creation-de-jardin-2\/#primaryimage"},"image":{"@id":"https:\/\/amdp-paysage.fr\/index.php\/creation-de-jardin-2\/#primaryimage"},"thumbnailUrl":"https:\/\/amdp-paysage.fr\/wp-content\/uploads\/2025\/08\/IMG_0053.png","datePublished":"2025-08-11T09:36:31+00:00","dateModified":"2025-11-12T13:59:52+00:00","breadcrumb":{"@id":"https:\/\/amdp-paysage.fr\/index.php\/creation-de-jardin-2\/#breadcrumb"},"inLanguage":"fr-FR","potentialAction":[{"@type":"ReadAction","target":["https:\/\/amdp-paysage.fr\/index.php\/creation-de-jardin-2\/"]}]},{"@type":"ImageObject","inLanguage":"fr-FR","@id":"https:\/\/amdp-paysage.fr\/index.php\/creation-de-jardin-2\/#primaryimage","url":"https:\/\/amdp-paysage.fr\/wp-content\/uploads\/2025\/08\/IMG_0053.png","contentUrl":"https:\/\/amdp-paysage.fr\/wp-content\/uploads\/2025\/08\/IMG_0053.png","width":530,"height":470},{"@type":"BreadcrumbList","@id":"https:\/\/amdp-paysage.fr\/index.php\/creation-de-jardin-2\/#breadcrumb","itemListElement":[{"@type":"ListItem","position":1,"name":"Accueil","item":"https:\/\/amdp-paysage.fr\/"},{"@type":"ListItem","position":2,"name":"Entretien de jardin"}]},{"@type":"WebSite","@id":"https:\/\/amdp-paysage.fr\/#website","url":"https:\/\/amdp-paysage.fr\/","name":"AMDP - Paysage","description":"","publisher":{"@id":"https:\/\/amdp-paysage.fr\/#organization"},"potentialAction":[{"@type":"SearchAction","target":{"@type":"EntryPoint","urlTemplate":"https:\/\/amdp-paysage.fr\/?s={search_term_string}"},"query-input":{"@type":"PropertyValueSpecification","valueRequired":true,"valueName":"search_term_string"}}],"inLanguage":"fr-FR"},{"@type":"Organization","@id":"https:\/\/amdp-paysage.fr\/#organization","name":"AMDP - Paysage","url":"https:\/\/amdp-paysage.fr\/","logo":{"@type":"ImageObject","inLanguage":"fr-FR","@id":"https:\/\/amdp-paysage.fr\/#\/schema\/logo\/image\/","url":"https:\/\/amdp-paysage.fr\/wp-content\/uploads\/2025\/08\/cropped-cropped-Logo-final-V2_page-0002.jpg","contentUrl":"https:\/\/amdp-paysage.fr\/wp-content\/uploads\/2025\/08\/cropped-cropped-Logo-final-V2_page-0002.jpg","width":512,"height":512,"caption":"AMDP - Paysage"},"image":{"@id":"https:\/\/amdp-paysage.fr\/#\/schema\/logo\/image\/"}}]}},"_links":{"self":[{"href":"https:\/\/amdp-paysage.fr\/index.php\/wp-json\/wp\/v2\/pages\/1141","targetHints":{"allow":["GET"]}}],"collection":[{"href":"https:\/\/amdp-paysage.fr\/index.php\/wp-json\/wp\/v2\/pages"}],"about":[{"href":"https:\/\/amdp-paysage.fr\/index.php\/wp-json\/wp\/v2\/types\/page"}],"author":[{"embeddable":true,"href":"https:\/\/amdp-paysage.fr\/index.php\/wp-json\/wp\/v2\/users\/1"}],"replies":[{"embeddable":true,"href":"https:\/\/amdp-paysage.fr\/index.php\/wp-json\/wp\/v2\/comments?post=1141"}],"version-history":[{"count":30,"href":"https:\/\/amdp-paysage.fr\/index.php\/wp-json\/wp\/v2\/pages\/1141\/revisions"}],"predecessor-version":[{"id":1542,"href":"https:\/\/amdp-paysage.fr\/index.php\/wp-json\/wp\/v2\/pages\/1141\/revisions\/1542"}],"wp:attachment":[{"href":"https:\/\/amdp-paysage.fr\/index.php\/wp-json\/wp\/v2\/media?parent=1141"}],"curies":[{"name":"wp","href":"https:\/\/api.w.org\/{rel}","templated":true}]}}