{"id":1456,"date":"2025-11-12T12:08:47","date_gmt":"2025-11-12T12:08:47","guid":{"rendered":"https:\/\/amdp-paysage.fr\/?page_id=1456"},"modified":"2026-01-27T10:51:12","modified_gmt":"2026-01-27T10:51:12","slug":"villa-opus","status":"publish","type":"page","link":"https:\/\/amdp-paysage.fr\/index.php\/villa-opus\/","title":{"rendered":"VILLA OPUS"},"content":{"rendered":"\t\t<div data-elementor-type=\"wp-page\" data-elementor-id=\"1456\" class=\"elementor elementor-1456\">\n\t\t\t\t<div class=\"elementor-element elementor-element-ba5256d e-flex e-con-boxed e-con e-parent\" data-id=\"ba5256d\" data-element_type=\"container\" data-settings=\"{&quot;background_background&quot;:&quot;classic&quot;}\">\n\t\t\t\t\t<div class=\"e-con-inner\">\n\t\t\t\t<div class=\"elementor-element elementor-element-f993dcd elementor-widget elementor-widget-heading\" data-id=\"f993dcd\" data-element_type=\"widget\" data-widget_type=\"heading.default\">\n\t\t\t\t\t<h1 class=\"elementor-heading-title elementor-size-default\">VILLA OPUS<\/h1>\t\t\t\t<\/div>\n\t\t\t\t<div class=\"elementor-element elementor-element-32c2bae elementor-widget elementor-widget-text-editor\" data-id=\"32c2bae\" data-element_type=\"widget\" data-widget_type=\"text-editor.default\">\n\t\t\t\t\t\t\t\t\t<p>AMDP &#8211; PAYSAGE<\/p>\t\t\t\t\t\t\t\t<\/div>\n\t\t\t\t\t<\/div>\n\t\t\t\t<\/div>\n\t\t<div class=\"elementor-element elementor-element-2771dae e-flex e-con-boxed e-con e-parent\" data-id=\"2771dae\" data-element_type=\"container\">\n\t\t\t\t\t<div class=\"e-con-inner\">\n\t\t\t\t<div class=\"elementor-element elementor-element-b24be81 elementor-widget elementor-widget-heading\" data-id=\"b24be81\" data-element_type=\"widget\" data-widget_type=\"heading.default\">\n\t\t\t\t\t<h2 class=\"elementor-heading-title elementor-size-default\">Ajoutez votre titre ici<\/h2>\t\t\t\t<\/div>\n\t\t\t\t\t<\/div>\n\t\t\t\t<\/div>\n\t\t<div class=\"elementor-element elementor-element-0c57ec3 e-flex e-con-boxed e-con e-parent\" data-id=\"0c57ec3\" data-element_type=\"container\">\n\t\t\t\t\t<div class=\"e-con-inner\">\n\t\t<div class=\"elementor-element elementor-element-e135909 e-con-full e-flex e-con e-child\" data-id=\"e135909\" data-element_type=\"container\">\n\t\t\t\t<div class=\"elementor-element elementor-element-6ac6430 elementor-invisible elementor-widget elementor-widget-heading\" data-id=\"6ac6430\" data-element_type=\"widget\" data-settings=\"{&quot;_animation&quot;:&quot;fadeInLeft&quot;}\" data-widget_type=\"heading.default\">\n\t\t\t\t\t<h2 class=\"elementor-heading-title elementor-size-default\">Un jardin pens\u00e9 pour le panorama<\/h2>\t\t\t\t<\/div>\n\t\t\t\t<div class=\"elementor-element elementor-element-3fb3e66 elementor-invisible elementor-widget elementor-widget-text-editor\" data-id=\"3fb3e66\" data-element_type=\"widget\" data-settings=\"{&quot;_animation&quot;:&quot;fadeInLeft&quot;}\" data-widget_type=\"text-editor.default\">\n\t\t\t\t\t\t\t\t\t<p data-start=\"614\" data-end=\"1003\">Sur ce terrain proche de Grenoble, tout restait \u00e0 imaginer. \u00c0 l\u2019origine, il n\u2019y avait qu\u2019un grand espace de gazon : nous en avons fait un <strong data-start=\"750\" data-end=\"775\">v\u00e9ritable lieu de vie<\/strong>, tourn\u00e9 vers la d\u00e9tente et le partage.<\/p><p data-start=\"614\" data-end=\"1003\">Nous avons imagin\u00e9 un espace convivial avec une <strong data-start=\"703\" data-end=\"723\">piscine \u00e9l\u00e9gante<\/strong>, des <strong data-start=\"729\" data-end=\"763\">massifs g\u00e9n\u00e9reux en v\u00e9g\u00e9tation<\/strong> et un <strong data-start=\"770\" data-end=\"793\">terrain de p\u00e9tanque<\/strong> pour partager d\u2019agr\u00e9ables moments.<\/p><p data-start=\"614\" data-end=\"1003\">Le tout s\u2019ouvre sur une <strong data-start=\"1029\" data-end=\"1076\">vue exceptionnelle sur la cha\u00eene du Vercors<\/strong>, que nous avons souhait\u00e9 mettre en valeur \u00e0 travers des lignes \u00e9pur\u00e9es et une palette v\u00e9g\u00e9tale adapt\u00e9e au climat.<\/p><p data-start=\"1005\" data-end=\"1276\">Un projet qui allie <strong data-start=\"1201\" data-end=\"1240\">esth\u00e9tique, confort et art de vivre<\/strong>, dans un cadre naturel d\u2019exception.<\/p><h2 style=\"color: #ffffff; font-family: 'Bodoni Moda', sans-serif; line-height: 1.1em; font-size: 20px; text-transform: uppercase; letter-spacing: 1px;\" data-elementor-setting-key=\"title\" data-pen-placeholder=\"\u00c9crivez ici...\">Un jardin sign\u00e9 AMDP<\/h2>\t\t\t\t\t\t\t\t<\/div>\n\t\t\t\t<\/div>\n\t\t<div class=\"elementor-element elementor-element-0d26adc e-con-full e-flex e-con e-child\" data-id=\"0d26adc\" data-element_type=\"container\">\n\t\t\t\t<div class=\"elementor-element elementor-element-19cce16 elementor-widget__width-inherit elementor-invisible elementor-widget elementor-widget-shortcode\" data-id=\"19cce16\" data-element_type=\"widget\" data-settings=\"{&quot;_animation&quot;:&quot;fadeInRight&quot;}\" data-widget_type=\"shortcode.default\">\n\t\t\t\t\t\t\t<div class=\"elementor-shortcode\">\n\t\t\t\n\t<style type=\"text\/css\">\n\t\t.slider-info-1458.bafg-slider-info .bafg-slider-title {\n\t\t\t\t\t\t\tfont-size:\n\t\t\t\t\t22px\t\t\t\t;\n\t\t\t\n\t\t\t\n\t\t\t\t\t}\n\n\t\t.slider-info-1458.bafg-slider-info .bafg-slider-description {\n\t\t\t\n\t\t\t\n\t\t\t\t\t}\n\t\t\n\t\t\n\t\t.slider-info-1458.bafg-slider-info .bafg_slider_readmore_button {\n\t\t\t\n\t\t\t\n\t\t\t\n\t\t\t\n\t\t\t\n\t\t\ttext-align: center;\n\n\t\t\t\n\t\t\t\n\t\t\t\n\t\t\t\n\t\t\t\t\t}\n\n\t\t.slider-info-1458.bafg-slider-info .bafg_slider_readmore_button:hover {\n\n\t\t\t\n\t\t\t\n\t\t\t\t\t}\n\t<\/style>\n\t\n\t\t\t<div class=\"bafg-twentytwenty-container slider-1458  \"\n\t\t\t\tbafg-orientation=\"horizontal\" bafg-default-offset=\"0.5\"\n\t\t\t\tbafg-before-label=\"Avant\"\n\t\t\t\tbafg-after-label=\"Apr\u00e8s\" bafg-overlay=\"1\"\n\t\t\t\tbafg-move-slider-on-hover=\"1\"\n\t\t\t\tbafg-click-to-move=\"\">\n\n\t\t\t\t\t\t\t\t<img class=\"skip-lazy\" data-skip-lazy\t\t\t\t\tsrc=\"https:\/\/amdp-paysage.fr\/wp-content\/uploads\/2025\/11\/IMG_0557-scaled-e1762948909703.jpeg\" alt=\"\">\n\t\t\t\t<img class=\"skip-lazy\" data-skip-lazy\t\t\t\t\tsrc=\"https:\/\/amdp-paysage.fr\/wp-content\/uploads\/2025\/11\/image0-1-scaled.jpeg\" alt=\"\">\n\n\t\t\t<\/div>\n\n\t\t\t\t<div class=\"bafg-slider-info-wraper\">\n\t\t<div style=\"\" class=\"slider-info-1458 bafg-slider-info\">\n\t\t\t\t\t<\/div>\n\t<\/div>\n\t\n\t\t\t<style type=\"text\/css\">\n\t\t\t\t\t\t\t\t\t\t\t<\/style>\n\t\t\t<\/div>\n\t\t\t\t\t\t<\/div>\n\t\t\t\t<\/div>\n\t\t\t\t\t<\/div>\n\t\t\t\t<\/div>\n\t\t<div class=\"elementor-element elementor-element-727569b e-flex e-con-boxed e-con e-parent\" data-id=\"727569b\" data-element_type=\"container\">\n\t\t\t\t\t<div class=\"e-con-inner\">\n\t\t\t\t<div class=\"elementor-element elementor-element-7f66af0 e-n-tabs-mobile elementor-widget elementor-widget-n-tabs\" data-id=\"7f66af0\" data-element_type=\"widget\" data-settings=\"{&quot;tabs_justify_horizontal&quot;:&quot;center&quot;,&quot;horizontal_scroll_mobile&quot;:&quot;disable&quot;,&quot;horizontal_scroll&quot;:&quot;disable&quot;}\" data-widget_type=\"nested-tabs.default\">\n\t\t\t\t\t\t\t<div class=\"e-n-tabs\" data-widget-number=\"133589744\" aria-label=\"Onglets. Ouvrez des \u00e9l\u00e9ments avec Entrer ou Espace, fermez-les avec Echape et naviguez \u00e0 l&#039;aide des touches fl\u00e9ch\u00e9es.\">\n\t\t\t<div class=\"e-n-tabs-heading\" role=\"tablist\">\n\t\t\t\t\t<button id=\"e-n-tab-title-1335897441\" class=\"e-n-tab-title\" aria-selected=\"true\" data-tab-index=\"1\" role=\"tab\" tabindex=\"0\" aria-controls=\"e-n-tab-content-1335897441\" style=\"--n-tabs-title-order: 1;\">\n\t\t\t\t\t\t<span class=\"e-n-tab-title-text\">\n\t\t\t\tApr\u00e8s projet\t\t\t<\/span>\n\t\t<\/button>\n\t\t\t\t<button id=\"e-n-tab-title-1335897442\" class=\"e-n-tab-title\" aria-selected=\"false\" data-tab-index=\"2\" role=\"tab\" tabindex=\"-1\" aria-controls=\"e-n-tab-content-1335897442\" style=\"--n-tabs-title-order: 2;\">\n\t\t\t\t\t\t<span class=\"e-n-tab-title-text\">\n\t\t\t\tVisuel 3D\t\t\t<\/span>\n\t\t<\/button>\n\t\t\t\t<button id=\"e-n-tab-title-1335897443\" class=\"e-n-tab-title\" aria-selected=\"false\" data-tab-index=\"3\" role=\"tab\" tabindex=\"-1\" aria-controls=\"e-n-tab-content-1335897443\" style=\"--n-tabs-title-order: 3;\">\n\t\t\t\t\t\t<span class=\"e-n-tab-title-text\">\n\t\t\t\tAvant projet\t\t\t<\/span>\n\t\t<\/button>\n\t\t\t\t\t<\/div>\n\t\t\t<div class=\"e-n-tabs-content\">\n\t\t\t\t<div id=\"e-n-tab-content-1335897441\" role=\"tabpanel\" aria-labelledby=\"e-n-tab-title-1335897441\" data-tab-index=\"1\" style=\"--n-tabs-title-order: 1;\" class=\"e-active elementor-element elementor-element-14f966b e-con-full e-flex e-con e-child\" data-id=\"14f966b\" data-element_type=\"container\">\n\t\t\t\t<div class=\"elementor-element elementor-element-4f465ab gallery-spacing-custom elementor-widget elementor-widget-image-gallery\" data-id=\"4f465ab\" data-element_type=\"widget\" data-widget_type=\"image-gallery.default\">\n\t\t\t\t\t\t\t<div class=\"elementor-image-gallery\">\n\t\t\t<div id='gallery-1' class='gallery galleryid-1456 gallery-columns-4 gallery-size-medium_large'><figure class='gallery-item'>\n\t\t\t<div class='gallery-icon portrait'>\n\t\t\t\t<a data-elementor-open-lightbox=\"yes\" data-elementor-lightbox-slideshow=\"4f465ab\" data-e-action-hash=\"#elementor-action%3Aaction%3Dlightbox%26settings%3DeyJpZCI6MTQ2NCwidXJsIjoiaHR0cHM6XC9cL2FtZHAtcGF5c2FnZS5mclwvd3AtY29udGVudFwvdXBsb2Fkc1wvMjAyNVwvMTFcL2ltYWdlMC0xLXNjYWxlZC5qcGVnIiwic2xpZGVzaG93IjoiNGY0NjVhYiJ9\" href='https:\/\/amdp-paysage.fr\/wp-content\/uploads\/2025\/11\/image0-1-scaled.jpeg'><img fetchpriority=\"high\" decoding=\"async\" width=\"768\" height=\"1024\" src=\"https:\/\/amdp-paysage.fr\/wp-content\/uploads\/2025\/11\/image0-1-768x1024.jpeg\" class=\"attachment-medium_large size-medium_large\" alt=\"\" srcset=\"https:\/\/amdp-paysage.fr\/wp-content\/uploads\/2025\/11\/image0-1-768x1024.jpeg 768w, https:\/\/amdp-paysage.fr\/wp-content\/uploads\/2025\/11\/image0-1-225x300.jpeg 225w, https:\/\/amdp-paysage.fr\/wp-content\/uploads\/2025\/11\/image0-1-1152x1536.jpeg 1152w, https:\/\/amdp-paysage.fr\/wp-content\/uploads\/2025\/11\/image0-1-1536x2048.jpeg 1536w, https:\/\/amdp-paysage.fr\/wp-content\/uploads\/2025\/11\/image0-1-scaled.jpeg 1920w\" sizes=\"(max-width: 768px) 100vw, 768px\" \/><\/a>\n\t\t\t<\/div><\/figure><figure class='gallery-item'>\n\t\t\t<div class='gallery-icon portrait'>\n\t\t\t\t<a data-elementor-open-lightbox=\"yes\" data-elementor-lightbox-slideshow=\"4f465ab\" data-e-action-hash=\"#elementor-action%3Aaction%3Dlightbox%26settings%3DeyJpZCI6MTQ2NiwidXJsIjoiaHR0cHM6XC9cL2FtZHAtcGF5c2FnZS5mclwvd3AtY29udGVudFwvdXBsb2Fkc1wvMjAyNVwvMTFcL0lNR180NDUyLXNjYWxlZC5qcGciLCJzbGlkZXNob3ciOiI0ZjQ2NWFiIn0%3D\" href='https:\/\/amdp-paysage.fr\/wp-content\/uploads\/2025\/11\/IMG_4452-scaled.jpg'><img decoding=\"async\" width=\"768\" height=\"1024\" src=\"https:\/\/amdp-paysage.fr\/wp-content\/uploads\/2025\/11\/IMG_4452-768x1024.jpg\" class=\"attachment-medium_large size-medium_large\" alt=\"\" srcset=\"https:\/\/amdp-paysage.fr\/wp-content\/uploads\/2025\/11\/IMG_4452-768x1024.jpg 768w, https:\/\/amdp-paysage.fr\/wp-content\/uploads\/2025\/11\/IMG_4452-225x300.jpg 225w, https:\/\/amdp-paysage.fr\/wp-content\/uploads\/2025\/11\/IMG_4452-1152x1536.jpg 1152w, https:\/\/amdp-paysage.fr\/wp-content\/uploads\/2025\/11\/IMG_4452-1536x2048.jpg 1536w, https:\/\/amdp-paysage.fr\/wp-content\/uploads\/2025\/11\/IMG_4452-scaled.jpg 1920w\" sizes=\"(max-width: 768px) 100vw, 768px\" \/><\/a>\n\t\t\t<\/div><\/figure>\n\t\t<\/div>\n\t\t<\/div>\n\t\t\t\t\t\t<\/div>\n\t\t\t\t<\/div>\n\t\t<div id=\"e-n-tab-content-1335897442\" role=\"tabpanel\" aria-labelledby=\"e-n-tab-title-1335897442\" data-tab-index=\"2\" style=\"--n-tabs-title-order: 2;\" class=\" elementor-element elementor-element-0ad63ca e-flex e-con-boxed e-con e-child\" data-id=\"0ad63ca\" data-element_type=\"container\">\n\t\t\t\t\t<div class=\"e-con-inner\">\n\t\t<div class=\"elementor-element elementor-element-9643520 e-con-full e-flex e-con e-child\" data-id=\"9643520\" data-element_type=\"container\">\n\t\t\t\t<\/div>\n\t\t\t\t\t<\/div>\n\t\t\t\t<\/div>\n\t\t<div id=\"e-n-tab-content-1335897443\" role=\"tabpanel\" aria-labelledby=\"e-n-tab-title-1335897443\" data-tab-index=\"3\" style=\"--n-tabs-title-order: 3;\" class=\" elementor-element elementor-element-37fd13c e-con-full e-flex e-con e-child\" data-id=\"37fd13c\" data-element_type=\"container\">\n\t\t<div class=\"elementor-element elementor-element-360a919 e-flex e-con-boxed e-con e-child\" data-id=\"360a919\" data-element_type=\"container\">\n\t\t\t\t\t<div class=\"e-con-inner\">\n\t\t\t\t\t<\/div>\n\t\t\t\t<\/div>\n\t\t\t\t<\/div>\n\t\t\t\t\t<\/div>\n\t\t<\/div>\n\t\t\t\t\t\t<\/div>\n\t\t\t\t\t<\/div>\n\t\t\t\t<\/div>\n\t\t<div class=\"elementor-element elementor-element-906ca00 e-flex e-con-boxed e-con e-parent\" data-id=\"906ca00\" data-element_type=\"container\">\n\t\t\t\t\t<div class=\"e-con-inner\">\n\t\t<div class=\"elementor-element elementor-element-d5b1e5f e-con-full e-flex e-con e-child\" data-id=\"d5b1e5f\" data-element_type=\"container\">\n\t\t\t\t<div class=\"elementor-element elementor-element-44cd257 elementor-align-left elementor-widget__width-inherit elementor-invisible elementor-widget elementor-widget-button\" data-id=\"44cd257\" data-element_type=\"widget\" data-settings=\"{&quot;_animation&quot;:&quot;fadeInLeft&quot;}\" data-widget_type=\"button.default\">\n\t\t\t\t\t\t\t\t\t\t<a class=\"elementor-button elementor-button-link elementor-size-sm\" href=\"https:\/\/amdp-paysage.fr\/index.php\/villa-amici\/\">\n\t\t\t\t\t\t<span class=\"elementor-button-content-wrapper\">\n\t\t\t\t\t\t<span class=\"elementor-button-icon\">\n\t\t\t\t<svg aria-hidden=\"true\" class=\"e-font-icon-svg e-fas-angle-left\" viewBox=\"0 0 256 512\" xmlns=\"http:\/\/www.w3.org\/2000\/svg\"><path d=\"M31.7 239l136-136c9.4-9.4 24.6-9.4 33.9 0l22.6 22.6c9.4 9.4 9.4 24.6 0 33.9L127.9 256l96.4 96.4c9.4 9.4 9.4 24.6 0 33.9L201.7 409c-9.4 9.4-24.6 9.4-33.9 0l-136-136c-9.5-9.4-9.5-24.6-.1-34z\"><\/path><\/svg>\t\t\t<\/span>\n\t\t\t\t\t\t\t\t\t<span class=\"elementor-button-text\">VILLA DOMUS<\/span>\n\t\t\t\t\t<\/span>\n\t\t\t\t\t<\/a>\n\t\t\t\t\t\t\t\t<\/div>\n\t\t\t\t<\/div>\n\t\t<div class=\"elementor-element elementor-element-2d3d8ad e-con-full e-flex e-con e-child\" data-id=\"2d3d8ad\" data-element_type=\"container\">\n\t\t\t\t<div class=\"elementor-element elementor-element-89d4129 elementor-align-right elementor-widget__width-inherit elementor-invisible elementor-widget elementor-widget-button\" data-id=\"89d4129\" data-element_type=\"widget\" data-settings=\"{&quot;_animation&quot;:&quot;fadeInRight&quot;}\" data-widget_type=\"button.default\">\n\t\t\t\t\t\t\t\t\t\t<a class=\"elementor-button elementor-button-link elementor-size-sm\" href=\"https:\/\/amdp-paysage.fr\/index.php\/villa-vino\/\">\n\t\t\t\t\t\t<span class=\"elementor-button-content-wrapper\">\n\t\t\t\t\t\t<span class=\"elementor-button-icon\">\n\t\t\t\t<svg aria-hidden=\"true\" class=\"e-font-icon-svg e-fas-angle-right\" viewBox=\"0 0 256 512\" xmlns=\"http:\/\/www.w3.org\/2000\/svg\"><path d=\"M224.3 273l-136 136c-9.4 9.4-24.6 9.4-33.9 0l-22.6-22.6c-9.4-9.4-9.4-24.6 0-33.9l96.4-96.4-96.4-96.4c-9.4-9.4-9.4-24.6 0-33.9L54.3 103c9.4-9.4 24.6-9.4 33.9 0l136 136c9.5 9.4 9.5 24.6.1 34z\"><\/path><\/svg>\t\t\t<\/span>\n\t\t\t\t\t\t\t\t\t<span class=\"elementor-button-text\">VILLA AMICI <\/span>\n\t\t\t\t\t<\/span>\n\t\t\t\t\t<\/a>\n\t\t\t\t\t\t\t\t<\/div>\n\t\t\t\t<\/div>\n\t\t\t\t\t<\/div>\n\t\t\t\t<\/div>\n\t\t<div class=\"elementor-element elementor-element-4f2e9d8 e-flex e-con-boxed e-con e-parent\" data-id=\"4f2e9d8\" data-element_type=\"container\">\n\t\t\t\t\t<div class=\"e-con-inner\">\n\t\t\t\t<div class=\"elementor-element elementor-element-87bd757 elementor-align-center elementor-widget__width-inherit elementor-widget elementor-widget-button\" data-id=\"87bd757\" data-element_type=\"widget\" data-widget_type=\"button.default\">\n\t\t\t\t\t\t\t\t\t\t<a class=\"elementor-button elementor-button-link elementor-size-sm\" href=\"https:\/\/amdp-paysage.fr\/index.php\/nos-realisations\/\">\n\t\t\t\t\t\t<span class=\"elementor-button-content-wrapper\">\n\t\t\t\t\t\t\t\t\t<span class=\"elementor-button-text\">Nos r\u00e9alisations<\/span>\n\t\t\t\t\t<\/span>\n\t\t\t\t\t<\/a>\n\t\t\t\t\t\t\t\t<\/div>\n\t\t\t\t\t<\/div>\n\t\t\t\t<\/div>\n\t\t\t\t<\/div>\n\t\t","protected":false},"excerpt":{"rendered":"<p>VILLA OPUS AMDP &#8211; PAYSAGE Ajoutez votre titre ici Un jardin pens\u00e9 pour le panorama Sur ce terrain proche de Grenoble, tout restait \u00e0 imaginer. \u00c0 l\u2019origine, il n\u2019y avait qu\u2019un grand espace de gazon : nous en avons fait un v\u00e9ritable lieu de vie, tourn\u00e9 vers la d\u00e9tente et le partage. Nous avons imagin\u00e9 [&hellip;]<\/p>\n","protected":false},"author":1,"featured_media":0,"parent":0,"menu_order":0,"comment_status":"closed","ping_status":"closed","template":"","meta":{"footnotes":""},"class_list":["post-1456","page","type-page","status-publish","hentry"],"yoast_head":"<!-- This site is optimized with the Yoast SEO plugin v26.9 - https:\/\/yoast.com\/product\/yoast-seo-wordpress\/ -->\n<title>VILLA OPUS - AMDP - Paysage<\/title>\n<meta name=\"robots\" content=\"index, follow, max-snippet:-1, max-image-preview:large, max-video-preview:-1\" \/>\n<link rel=\"canonical\" href=\"https:\/\/amdp-paysage.fr\/index.php\/villa-opus\/\" \/>\n<meta property=\"og:locale\" content=\"fr_FR\" \/>\n<meta property=\"og:type\" content=\"article\" \/>\n<meta property=\"og:title\" content=\"VILLA OPUS - AMDP - Paysage\" \/>\n<meta property=\"og:description\" content=\"VILLA OPUS AMDP &#8211; PAYSAGE Ajoutez votre titre ici Un jardin pens\u00e9 pour le panorama Sur ce terrain proche de Grenoble, tout restait \u00e0 imaginer. \u00c0 l\u2019origine, il n\u2019y avait qu\u2019un grand espace de gazon : nous en avons fait un v\u00e9ritable lieu de vie, tourn\u00e9 vers la d\u00e9tente et le partage. Nous avons imagin\u00e9 [&hellip;]\" \/>\n<meta property=\"og:url\" content=\"https:\/\/amdp-paysage.fr\/index.php\/villa-opus\/\" \/>\n<meta property=\"og:site_name\" content=\"AMDP - Paysage\" \/>\n<meta property=\"article:modified_time\" content=\"2026-01-27T10:51:12+00:00\" \/>\n<meta property=\"og:image\" content=\"https:\/\/amdp-paysage.fr\/wp-content\/uploads\/2025\/11\/image0-1-768x1024.jpeg\" \/>\n<meta name=\"twitter:card\" content=\"summary_large_image\" \/>\n<meta name=\"twitter:label1\" content=\"Dur\u00e9e de lecture estim\u00e9e\" \/>\n\t<meta name=\"twitter:data1\" content=\"1 minute\" \/>\n<script type=\"application\/ld+json\" class=\"yoast-schema-graph\">{\"@context\":\"https:\/\/schema.org\",\"@graph\":[{\"@type\":\"WebPage\",\"@id\":\"https:\/\/amdp-paysage.fr\/index.php\/villa-opus\/\",\"url\":\"https:\/\/amdp-paysage.fr\/index.php\/villa-opus\/\",\"name\":\"VILLA OPUS - AMDP - Paysage\",\"isPartOf\":{\"@id\":\"https:\/\/amdp-paysage.fr\/#website\"},\"primaryImageOfPage\":{\"@id\":\"https:\/\/amdp-paysage.fr\/index.php\/villa-opus\/#primaryimage\"},\"image\":{\"@id\":\"https:\/\/amdp-paysage.fr\/index.php\/villa-opus\/#primaryimage\"},\"thumbnailUrl\":\"https:\/\/amdp-paysage.fr\/wp-content\/uploads\/2025\/11\/image0-1-768x1024.jpeg\",\"datePublished\":\"2025-11-12T12:08:47+00:00\",\"dateModified\":\"2026-01-27T10:51:12+00:00\",\"breadcrumb\":{\"@id\":\"https:\/\/amdp-paysage.fr\/index.php\/villa-opus\/#breadcrumb\"},\"inLanguage\":\"fr-FR\",\"potentialAction\":[{\"@type\":\"ReadAction\",\"target\":[\"https:\/\/amdp-paysage.fr\/index.php\/villa-opus\/\"]}]},{\"@type\":\"ImageObject\",\"inLanguage\":\"fr-FR\",\"@id\":\"https:\/\/amdp-paysage.fr\/index.php\/villa-opus\/#primaryimage\",\"url\":\"https:\/\/amdp-paysage.fr\/wp-content\/uploads\/2025\/11\/image0-1-768x1024.jpeg\",\"contentUrl\":\"https:\/\/amdp-paysage.fr\/wp-content\/uploads\/2025\/11\/image0-1-768x1024.jpeg\"},{\"@type\":\"BreadcrumbList\",\"@id\":\"https:\/\/amdp-paysage.fr\/index.php\/villa-opus\/#breadcrumb\",\"itemListElement\":[{\"@type\":\"ListItem\",\"position\":1,\"name\":\"Accueil\",\"item\":\"https:\/\/amdp-paysage.fr\/\"},{\"@type\":\"ListItem\",\"position\":2,\"name\":\"VILLA OPUS\"}]},{\"@type\":\"WebSite\",\"@id\":\"https:\/\/amdp-paysage.fr\/#website\",\"url\":\"https:\/\/amdp-paysage.fr\/\",\"name\":\"AMDP - Paysage\",\"description\":\"\",\"publisher\":{\"@id\":\"https:\/\/amdp-paysage.fr\/#organization\"},\"potentialAction\":[{\"@type\":\"SearchAction\",\"target\":{\"@type\":\"EntryPoint\",\"urlTemplate\":\"https:\/\/amdp-paysage.fr\/?s={search_term_string}\"},\"query-input\":{\"@type\":\"PropertyValueSpecification\",\"valueRequired\":true,\"valueName\":\"search_term_string\"}}],\"inLanguage\":\"fr-FR\"},{\"@type\":\"Organization\",\"@id\":\"https:\/\/amdp-paysage.fr\/#organization\",\"name\":\"AMDP - Paysage\",\"url\":\"https:\/\/amdp-paysage.fr\/\",\"logo\":{\"@type\":\"ImageObject\",\"inLanguage\":\"fr-FR\",\"@id\":\"https:\/\/amdp-paysage.fr\/#\/schema\/logo\/image\/\",\"url\":\"https:\/\/amdp-paysage.fr\/wp-content\/uploads\/2025\/08\/cropped-cropped-Logo-final-V2_page-0002.jpg\",\"contentUrl\":\"https:\/\/amdp-paysage.fr\/wp-content\/uploads\/2025\/08\/cropped-cropped-Logo-final-V2_page-0002.jpg\",\"width\":512,\"height\":512,\"caption\":\"AMDP - Paysage\"},\"image\":{\"@id\":\"https:\/\/amdp-paysage.fr\/#\/schema\/logo\/image\/\"}}]}<\/script>\n<!-- \/ Yoast SEO plugin. -->","yoast_head_json":{"title":"VILLA OPUS - AMDP - Paysage","robots":{"index":"index","follow":"follow","max-snippet":"max-snippet:-1","max-image-preview":"max-image-preview:large","max-video-preview":"max-video-preview:-1"},"canonical":"https:\/\/amdp-paysage.fr\/index.php\/villa-opus\/","og_locale":"fr_FR","og_type":"article","og_title":"VILLA OPUS - AMDP - Paysage","og_description":"VILLA OPUS AMDP &#8211; PAYSAGE Ajoutez votre titre ici Un jardin pens\u00e9 pour le panorama Sur ce terrain proche de Grenoble, tout restait \u00e0 imaginer. \u00c0 l\u2019origine, il n\u2019y avait qu\u2019un grand espace de gazon : nous en avons fait un v\u00e9ritable lieu de vie, tourn\u00e9 vers la d\u00e9tente et le partage. Nous avons imagin\u00e9 [&hellip;]","og_url":"https:\/\/amdp-paysage.fr\/index.php\/villa-opus\/","og_site_name":"AMDP - Paysage","article_modified_time":"2026-01-27T10:51:12+00:00","og_image":[{"url":"https:\/\/amdp-paysage.fr\/wp-content\/uploads\/2025\/11\/image0-1-768x1024.jpeg","type":"","width":"","height":""}],"twitter_card":"summary_large_image","twitter_misc":{"Dur\u00e9e de lecture estim\u00e9e":"1 minute"},"schema":{"@context":"https:\/\/schema.org","@graph":[{"@type":"WebPage","@id":"https:\/\/amdp-paysage.fr\/index.php\/villa-opus\/","url":"https:\/\/amdp-paysage.fr\/index.php\/villa-opus\/","name":"VILLA OPUS - AMDP - Paysage","isPartOf":{"@id":"https:\/\/amdp-paysage.fr\/#website"},"primaryImageOfPage":{"@id":"https:\/\/amdp-paysage.fr\/index.php\/villa-opus\/#primaryimage"},"image":{"@id":"https:\/\/amdp-paysage.fr\/index.php\/villa-opus\/#primaryimage"},"thumbnailUrl":"https:\/\/amdp-paysage.fr\/wp-content\/uploads\/2025\/11\/image0-1-768x1024.jpeg","datePublished":"2025-11-12T12:08:47+00:00","dateModified":"2026-01-27T10:51:12+00:00","breadcrumb":{"@id":"https:\/\/amdp-paysage.fr\/index.php\/villa-opus\/#breadcrumb"},"inLanguage":"fr-FR","potentialAction":[{"@type":"ReadAction","target":["https:\/\/amdp-paysage.fr\/index.php\/villa-opus\/"]}]},{"@type":"ImageObject","inLanguage":"fr-FR","@id":"https:\/\/amdp-paysage.fr\/index.php\/villa-opus\/#primaryimage","url":"https:\/\/amdp-paysage.fr\/wp-content\/uploads\/2025\/11\/image0-1-768x1024.jpeg","contentUrl":"https:\/\/amdp-paysage.fr\/wp-content\/uploads\/2025\/11\/image0-1-768x1024.jpeg"},{"@type":"BreadcrumbList","@id":"https:\/\/amdp-paysage.fr\/index.php\/villa-opus\/#breadcrumb","itemListElement":[{"@type":"ListItem","position":1,"name":"Accueil","item":"https:\/\/amdp-paysage.fr\/"},{"@type":"ListItem","position":2,"name":"VILLA OPUS"}]},{"@type":"WebSite","@id":"https:\/\/amdp-paysage.fr\/#website","url":"https:\/\/amdp-paysage.fr\/","name":"AMDP - Paysage","description":"","publisher":{"@id":"https:\/\/amdp-paysage.fr\/#organization"},"potentialAction":[{"@type":"SearchAction","target":{"@type":"EntryPoint","urlTemplate":"https:\/\/amdp-paysage.fr\/?s={search_term_string}"},"query-input":{"@type":"PropertyValueSpecification","valueRequired":true,"valueName":"search_term_string"}}],"inLanguage":"fr-FR"},{"@type":"Organization","@id":"https:\/\/amdp-paysage.fr\/#organization","name":"AMDP - Paysage","url":"https:\/\/amdp-paysage.fr\/","logo":{"@type":"ImageObject","inLanguage":"fr-FR","@id":"https:\/\/amdp-paysage.fr\/#\/schema\/logo\/image\/","url":"https:\/\/amdp-paysage.fr\/wp-content\/uploads\/2025\/08\/cropped-cropped-Logo-final-V2_page-0002.jpg","contentUrl":"https:\/\/amdp-paysage.fr\/wp-content\/uploads\/2025\/08\/cropped-cropped-Logo-final-V2_page-0002.jpg","width":512,"height":512,"caption":"AMDP - Paysage"},"image":{"@id":"https:\/\/amdp-paysage.fr\/#\/schema\/logo\/image\/"}}]}},"_links":{"self":[{"href":"https:\/\/amdp-paysage.fr\/index.php\/wp-json\/wp\/v2\/pages\/1456","targetHints":{"allow":["GET"]}}],"collection":[{"href":"https:\/\/amdp-paysage.fr\/index.php\/wp-json\/wp\/v2\/pages"}],"about":[{"href":"https:\/\/amdp-paysage.fr\/index.php\/wp-json\/wp\/v2\/types\/page"}],"author":[{"embeddable":true,"href":"https:\/\/amdp-paysage.fr\/index.php\/wp-json\/wp\/v2\/users\/1"}],"replies":[{"embeddable":true,"href":"https:\/\/amdp-paysage.fr\/index.php\/wp-json\/wp\/v2\/comments?post=1456"}],"version-history":[{"count":18,"href":"https:\/\/amdp-paysage.fr\/index.php\/wp-json\/wp\/v2\/pages\/1456\/revisions"}],"predecessor-version":[{"id":1599,"href":"https:\/\/amdp-paysage.fr\/index.php\/wp-json\/wp\/v2\/pages\/1456\/revisions\/1599"}],"wp:attachment":[{"href":"https:\/\/amdp-paysage.fr\/index.php\/wp-json\/wp\/v2\/media?parent=1456"}],"curies":[{"name":"wp","href":"https:\/\/api.w.org\/{rel}","templated":true}]}}