{"id":1522,"date":"2025-11-12T13:53:51","date_gmt":"2025-11-12T13:53:51","guid":{"rendered":"https:\/\/amdp-paysage.fr\/?page_id=1522"},"modified":"2026-01-22T08:07:00","modified_gmt":"2026-01-22T08:07:00","slug":"creation-de-jardin","status":"publish","type":"page","link":"https:\/\/amdp-paysage.fr\/index.php\/creation-de-jardin\/","title":{"rendered":"Piscine &#038; SPA"},"content":{"rendered":"\t\t<div data-elementor-type=\"wp-page\" data-elementor-id=\"1522\" class=\"elementor elementor-1522\">\n\t\t\t\t<div class=\"elementor-element elementor-element-f9ee2d0 e-flex e-con-boxed e-con e-parent\" data-id=\"f9ee2d0\" data-element_type=\"container\" data-settings=\"{&quot;background_background&quot;:&quot;classic&quot;}\">\n\t\t\t\t\t<div class=\"e-con-inner\">\n\t\t\t\t<div class=\"elementor-element elementor-element-77d36a4 elementor-widget elementor-widget-heading\" data-id=\"77d36a4\" data-element_type=\"widget\" data-widget_type=\"heading.default\">\n\t\t\t\t\t<h1 class=\"elementor-heading-title elementor-size-default\">Piscine &amp; SPA<\/h1>\t\t\t\t<\/div>\n\t\t\t\t<div class=\"elementor-element elementor-element-96949a3 elementor-widget elementor-widget-heading\" data-id=\"96949a3\" data-element_type=\"widget\" data-widget_type=\"heading.default\">\n\t\t\t\t\t<h1 class=\"elementor-heading-title elementor-size-default\">AMDP - Paysage<\/h1>\t\t\t\t<\/div>\n\t\t\t\t\t<\/div>\n\t\t\t\t<\/div>\n\t\t<div class=\"elementor-element elementor-element-182cb26 e-flex e-con-boxed e-con e-parent\" data-id=\"182cb26\" data-element_type=\"container\">\n\t\t\t\t\t<div class=\"e-con-inner\">\n\t\t<div class=\"elementor-element elementor-element-47abb6d e-con-full e-flex e-con e-child\" data-id=\"47abb6d\" data-element_type=\"container\">\n\t\t<div class=\"elementor-element elementor-element-93e777c e-con-full e-flex e-con e-child\" data-id=\"93e777c\" data-element_type=\"container\">\n\t\t\t\t<div class=\"elementor-element elementor-element-3d6bf22 elementor-widget elementor-widget-heading\" data-id=\"3d6bf22\" data-element_type=\"widget\" data-widget_type=\"heading.default\">\n\t\t\t\t\t<h4 class=\"elementor-heading-title elementor-size-default\">Full Name<\/h4>\t\t\t\t<\/div>\n\t\t\t\t<div class=\"elementor-element elementor-element-5767dba elementor-widget elementor-widget-heading\" data-id=\"5767dba\" data-element_type=\"widget\" data-widget_type=\"heading.default\">\n\t\t\t\t\t<p class=\"elementor-heading-title elementor-size-default\">Int\u00e9gration paysag\u00e8re <\/p>\t\t\t\t<\/div>\n\t\t\t\t<div class=\"elementor-element elementor-element-43b5fa5 elementor-widget elementor-widget-text-editor\" data-id=\"43b5fa5\" data-element_type=\"widget\" data-widget_type=\"text-editor.default\">\n\t\t\t\t\t\t\t\t\t<p data-start=\"383\" data-end=\"510\">On joue sur les volumes, les mat\u00e9riaux et les plantation pour qu&rsquo;elle paraisse&#8230; n\u00e9e ici.\u00a0<\/p>\t\t\t\t\t\t\t\t<\/div>\n\t\t\t\t<\/div>\n\t\t<div class=\"elementor-element elementor-element-ca9baf7 e-con-full e-flex e-con e-child\" data-id=\"ca9baf7\" data-element_type=\"container\">\n\t\t\t\t<div class=\"elementor-element elementor-element-72012d9 elementor-widget elementor-widget-heading\" data-id=\"72012d9\" data-element_type=\"widget\" data-widget_type=\"heading.default\">\n\t\t\t\t\t<h4 class=\"elementor-heading-title elementor-size-default\">Full Name<\/h4>\t\t\t\t<\/div>\n\t\t\t\t<div class=\"elementor-element elementor-element-bba9a57 elementor-widget elementor-widget-heading\" data-id=\"bba9a57\" data-element_type=\"widget\" data-widget_type=\"heading.default\">\n\t\t\t\t\t<p class=\"elementor-heading-title elementor-size-default\">Projet cl\u00e9 en main<\/p>\t\t\t\t<\/div>\n\t\t\t\t<div class=\"elementor-element elementor-element-a83b88c elementor-widget elementor-widget-text-editor\" data-id=\"a83b88c\" data-element_type=\"widget\" data-widget_type=\"text-editor.default\">\n\t\t\t\t\t\t\t\t\t<p>Coneption et chiffrage de votre piscine\/Spa. De votre premi\u00e8re id\u00e9e jusqu&rsquo;\u00e0 la mise en eau.\u00a0<\/p>\t\t\t\t\t\t\t\t<\/div>\n\t\t\t\t<\/div>\n\t\t<div class=\"elementor-element elementor-element-547b4e7 e-con-full e-flex e-con e-child\" data-id=\"547b4e7\" data-element_type=\"container\">\n\t\t\t\t<div class=\"elementor-element elementor-element-49af8b9 elementor-widget elementor-widget-heading\" data-id=\"49af8b9\" data-element_type=\"widget\" data-widget_type=\"heading.default\">\n\t\t\t\t\t<h4 class=\"elementor-heading-title elementor-size-default\">Full Name<\/h4>\t\t\t\t<\/div>\n\t\t\t\t<div class=\"elementor-element elementor-element-799493c elementor-widget__width-inherit elementor-widget elementor-widget-heading\" data-id=\"799493c\" data-element_type=\"widget\" data-widget_type=\"heading.default\">\n\t\t\t\t\t<p class=\"elementor-heading-title elementor-size-default\">Choix des mat\u00e9riaux<\/p>\t\t\t\t<\/div>\n\t\t\t\t<div class=\"elementor-element elementor-element-9ba3975 elementor-widget elementor-widget-text-editor\" data-id=\"9ba3975\" data-element_type=\"widget\" data-widget_type=\"text-editor.default\">\n\t\t\t\t\t\t\t\t\t<p>Nous travaillons avec des mat\u00e9riaux durables et de grande qualit\u00e9, s\u00e9lectionn\u00e9s avec vous : Margelles, revetements filtration&#8230;<\/p>\t\t\t\t\t\t\t\t<\/div>\n\t\t\t\t<\/div>\n\t\t\t\t<\/div>\n\t\t\t\t\t<\/div>\n\t\t\t\t<\/div>\n\t\t<div class=\"elementor-element elementor-element-7856c05 e-flex e-con-boxed e-con e-parent\" data-id=\"7856c05\" data-element_type=\"container\">\n\t\t\t\t\t<div class=\"e-con-inner\">\n\t\t\t\t<div class=\"elementor-element elementor-element-04c6187 elementor-widget-divider--view-line elementor-widget elementor-widget-divider\" data-id=\"04c6187\" data-element_type=\"widget\" data-widget_type=\"divider.default\">\n\t\t\t\t\t\t\t<div class=\"elementor-divider\">\n\t\t\t<span class=\"elementor-divider-separator\">\n\t\t\t\t\t\t<\/span>\n\t\t<\/div>\n\t\t\t\t\t\t<\/div>\n\t\t\t\t\t<\/div>\n\t\t\t\t<\/div>\n\t\t<div class=\"elementor-element elementor-element-96020f8 e-flex e-con-boxed e-con e-parent\" data-id=\"96020f8\" data-element_type=\"container\">\n\t\t\t\t\t<div class=\"e-con-inner\">\n\t\t\t\t<div class=\"elementor-element elementor-element-d104718 elementor-widget elementor-widget-spacer\" data-id=\"d104718\" data-element_type=\"widget\" data-widget_type=\"spacer.default\">\n\t\t\t\t\t\t\t<div class=\"elementor-spacer\">\n\t\t\t<div class=\"elementor-spacer-inner\"><\/div>\n\t\t<\/div>\n\t\t\t\t\t\t<\/div>\n\t\t\t\t\t<\/div>\n\t\t\t\t<\/div>\n\t\t<div class=\"elementor-element elementor-element-ea19379 e-flex e-con-boxed e-con e-parent\" data-id=\"ea19379\" data-element_type=\"container\" data-settings=\"{&quot;background_background&quot;:&quot;slideshow&quot;,&quot;background_slideshow_gallery&quot;:[],&quot;background_slideshow_loop&quot;:&quot;yes&quot;,&quot;background_slideshow_slide_duration&quot;:5000,&quot;background_slideshow_slide_transition&quot;:&quot;fade&quot;,&quot;background_slideshow_transition_duration&quot;:500}\">\n\t\t\t\t\t<div class=\"e-con-inner\">\n\t\t\t\t<div class=\"elementor-element elementor-element-6c20e90 elementor-widget elementor-widget-ehp-form\" data-id=\"6c20e90\" data-element_type=\"widget\" data-settings=\"{&quot;layout_preset&quot;:&quot;quick-connect&quot;,&quot;button_width&quot;:&quot;100&quot;,&quot;button_shape&quot;:&quot;default&quot;,&quot;box_shape&quot;:&quot;sharp&quot;}\" data-widget_type=\"ehp-form.default\">\n\t\t\t\t<div class=\"elementor-widget-container\">\n\t\t\t\t\t\t\t<form class=\"has-shape-sharp shape-type-box ehp-form has-layout-preset-quick-connect\" name=\"1\" method=\"post\">\n\t\t\t\t\t<div class=\"ehp-form__text-container\">\n\t\t\t<h2 class=\"ehp-form__heading\">D\u00e9marrer mon projet<\/h2>\t\t<\/div>\n\t\t\t\t\t<input type=\"hidden\" name=\"post_id\" value=\"1522\"\/>\n\t\t\t<input type=\"hidden\" name=\"form_id\" value=\"6c20e90\"\/>\n\t\t\t<input type=\"hidden\" name=\"referer_title\" value=\"Piscine &amp; SPA - AMDP - Paysage\"\/>\n\n\t\t\t\t\t\t\t<input type=\"hidden\" name=\"queried_id\" value=\"1522\"\/>\n\t\t\t\n\t\t\t<div class=\"ehp-form__content\">\n\t\t\t\t\t\t\t\t<div class=\"ehp-form__wrapper\">\n\t\t\t\t\t\t\t\t\t\t\t<div class=\"ehp-form__field-group is-field-type-textarea is-field-group-message has-width-100 is-field-required is-mark-required has-border has-shape-default\">\n\t\t\t\t\t\t\t\t\t\t\t\t\t\t\t<label for=\"form-field-message\" class=\"ehp-form__field-label\">\n\t\t\t\t\t\t\t\t\tDescription de votre projet\t\t\t\t\t\t\t\t<\/label>\n\t\t\t\t\t\t\t\t<textarea class=\"elementor-field-textual ehp-form__field eph-form__textarea  elementor-size-sm\" name=\"form_fields[message]\" id=\"form-field-message\" rows=\"4\" placeholder=\"D\u00e9crivez votre projet\" required=\"required\"><\/textarea>\t\t\t\t\t\t<\/div>\n\t\t\t\t\t\t\t\t\t\t\t<div class=\"ehp-form__field-group is-field-type-textarea is-field-group-m has-width-50 has-border has-shape-default\">\n\t\t\t\t\t\t\t\t\t\t\t\t\t\t\t<label for=\"form-field-m\" class=\"ehp-form__field-label\">\n\t\t\t\t\t\t\t\t\tSurface\t\t\t\t\t\t\t\t<\/label>\n\t\t\t\t\t\t\t\t<textarea class=\"elementor-field-textual ehp-form__field eph-form__textarea  elementor-size-sm\" name=\"form_fields[m]\" id=\"form-field-m\" rows=\"1\" placeholder=\"m\u00b2\"><\/textarea>\t\t\t\t\t\t<\/div>\n\t\t\t\t\t\t\t\t\t\t\t<div class=\"ehp-form__field-group is-field-type-text is-field-group-name has-width-100 is-field-required is-mark-required has-border has-shape-default\">\n\t\t\t\t\t\t\t\t\t\t\t\t\t\t\t<label for=\"form-field-name\" class=\"ehp-form__field-label\">\n\t\t\t\t\t\t\t\t\tNom\t\t\t\t\t\t\t\t<\/label>\n\t\t\t\t\t\t\t\t\t\t\t\t\t\t\t\t\t<input size=\"1\" type=\"text\" name=\"form_fields[name]\" id=\"form-field-name\" class=\"ehp-form__field elementor-size-sm  elementor-field-textual\" placeholder=\"Nom\" required=\"required\" aria-required=\"true\">\n\t\t\t\t\t\t\t\t\t\t\t\t\t\t\t<\/div>\n\t\t\t\t\t\t\t\t\t\t\t<div class=\"ehp-form__field-group is-field-type-email is-field-group-email has-width-100 is-field-required is-mark-required has-border has-shape-default\">\n\t\t\t\t\t\t\t\t\t\t\t\t\t\t\t<label for=\"form-field-email\" class=\"ehp-form__field-label\">\n\t\t\t\t\t\t\t\t\tE-mail\t\t\t\t\t\t\t\t<\/label>\n\t\t\t\t\t\t\t\t\t\t\t\t\t\t\t\t\t<input size=\"1\" type=\"email\" name=\"form_fields[email]\" id=\"form-field-email\" class=\"ehp-form__field elementor-size-sm  elementor-field-textual\" placeholder=\"E-mail\" required=\"required\" aria-required=\"true\">\n\t\t\t\t\t\t\t\t\t\t\t\t\t\t\t<\/div>\n\t\t\t\t\t\t\t\t\t\t\t<div class=\"ehp-form__field-group is-field-type-ehp-tel is-field-group- has-width-100 is-field-required is-mark-required has-border has-shape-default\">\n\t\t\t\t\t\t\t\t\t\t\t\t\t\t\t<label for=\"form-field-\" class=\"ehp-form__field-label\">\n\t\t\t\t\t\t\t\t\tT\u00e9l\u00e9phone\t\t\t\t\t\t\t\t<\/label>\n\t\t\t\t\t\t\t\t\t\t<input size=\"1\" type=\"ehp-tel\" name=\"form_fields[]\" id=\"form-field-\" class=\"ehp-form__field elementor-size-sm  elementor-field-textual\" required=\"required\" aria-required=\"true\" pattern=\"[0-9()#&amp;+*\\-=.]+\" title=\"Seuls les chiffres et caract\u00e8res de t\u00e9l\u00e9phone (#, -, *, etc.) sont accept\u00e9s.\">\n\n\t\t\t\t\t\t\t\t<\/div>\n\t\t\t\t\t\t\t\t\t\t\t<div class=\"ehp-form__field-group is-field-type-text is-field-group- has-width-100 has-border has-shape-default\">\n\t\t\t\t\t\t\t\t\t\t\t\t\t\t\t<label for=\"form-field-\" class=\"ehp-form__field-label\">\n\t\t\t\t\t\t\t\t\tAdresse\t\t\t\t\t\t\t\t<\/label>\n\t\t\t\t\t\t\t\t\t\t\t\t\t\t\t\t\t<input size=\"1\" type=\"text\" name=\"form_fields[]\" id=\"form-field-\" class=\"ehp-form__field elementor-size-sm  elementor-field-textual\" placeholder=\"Adresse\">\n\t\t\t\t\t\t\t\t\t\t\t\t\t\t\t<\/div>\n\t\t\t\t\t\t\t\t\t\t\t\t<div class=\"ehp-form__submit-group has-width-100\">\n\t\t\t<button class=\"has-shape-default shape-type-button ehp-form__button is-type-button\" type=\"submit\">\n\t\t\t\t\t\t\t\t\t\t\t\t\t\n\t\t\t\t\t\t\t\t\t<span class=\"ehp-form__button-text\">Envoyer<\/span>\n\t\t\t\t\t\t\t<\/button>\n\t\t<\/div>\n\t\t\t\t\t\t<\/div>\n\t\t\t<\/div>\n\t\t\t<div class=\"ehp-form__overlay\"><\/div>\n\t\t<\/form>\n\t\t\t\t\t\t<\/div>\n\t\t\t\t<\/div>\n\t\t\t\t\t<\/div>\n\t\t\t\t<\/div>\n\t\t\t\t<\/div>\n\t\t","protected":false},"excerpt":{"rendered":"<p>Piscine &amp; SPA AMDP &#8211; Paysage Full Name Int\u00e9gration paysag\u00e8re On joue sur les volumes, les mat\u00e9riaux et les plantation pour qu&rsquo;elle paraisse&#8230; n\u00e9e ici.\u00a0 Full Name Projet cl\u00e9 en main Coneption et chiffrage de votre piscine\/Spa. De votre premi\u00e8re id\u00e9e jusqu&rsquo;\u00e0 la mise en eau.\u00a0 Full Name Choix des mat\u00e9riaux Nous travaillons avec des [&hellip;]<\/p>\n","protected":false},"author":1,"featured_media":0,"parent":0,"menu_order":0,"comment_status":"closed","ping_status":"closed","template":"","meta":{"footnotes":""},"class_list":["post-1522","page","type-page","status-publish","hentry"],"yoast_head":"<!-- This site is optimized with the Yoast SEO plugin v26.9 - https:\/\/yoast.com\/product\/yoast-seo-wordpress\/ -->\n<title>Piscine &amp; SPA - AMDP - Paysage<\/title>\n<meta name=\"robots\" content=\"index, follow, max-snippet:-1, max-image-preview:large, max-video-preview:-1\" \/>\n<link rel=\"canonical\" href=\"https:\/\/amdp-paysage.fr\/index.php\/creation-de-jardin\/\" \/>\n<meta property=\"og:locale\" content=\"fr_FR\" \/>\n<meta property=\"og:type\" content=\"article\" \/>\n<meta property=\"og:title\" content=\"Piscine &amp; SPA - AMDP - Paysage\" \/>\n<meta property=\"og:description\" content=\"Piscine &amp; SPA AMDP &#8211; Paysage Full Name Int\u00e9gration paysag\u00e8re On joue sur les volumes, les mat\u00e9riaux et les plantation pour qu&rsquo;elle paraisse&#8230; n\u00e9e ici.\u00a0 Full Name Projet cl\u00e9 en main Coneption et chiffrage de votre piscine\/Spa. De votre premi\u00e8re id\u00e9e jusqu&rsquo;\u00e0 la mise en eau.\u00a0 Full Name Choix des mat\u00e9riaux Nous travaillons avec des [&hellip;]\" \/>\n<meta property=\"og:url\" content=\"https:\/\/amdp-paysage.fr\/index.php\/creation-de-jardin\/\" \/>\n<meta property=\"og:site_name\" content=\"AMDP - Paysage\" \/>\n<meta property=\"article:modified_time\" content=\"2026-01-22T08:07:00+00:00\" \/>\n<meta name=\"twitter:card\" content=\"summary_large_image\" \/>\n<script type=\"application\/ld+json\" class=\"yoast-schema-graph\">{\"@context\":\"https:\/\/schema.org\",\"@graph\":[{\"@type\":\"WebPage\",\"@id\":\"https:\/\/amdp-paysage.fr\/index.php\/creation-de-jardin\/\",\"url\":\"https:\/\/amdp-paysage.fr\/index.php\/creation-de-jardin\/\",\"name\":\"Piscine & SPA - AMDP - Paysage\",\"isPartOf\":{\"@id\":\"https:\/\/amdp-paysage.fr\/#website\"},\"datePublished\":\"2025-11-12T13:53:51+00:00\",\"dateModified\":\"2026-01-22T08:07:00+00:00\",\"breadcrumb\":{\"@id\":\"https:\/\/amdp-paysage.fr\/index.php\/creation-de-jardin\/#breadcrumb\"},\"inLanguage\":\"fr-FR\",\"potentialAction\":[{\"@type\":\"ReadAction\",\"target\":[\"https:\/\/amdp-paysage.fr\/index.php\/creation-de-jardin\/\"]}]},{\"@type\":\"BreadcrumbList\",\"@id\":\"https:\/\/amdp-paysage.fr\/index.php\/creation-de-jardin\/#breadcrumb\",\"itemListElement\":[{\"@type\":\"ListItem\",\"position\":1,\"name\":\"Accueil\",\"item\":\"https:\/\/amdp-paysage.fr\/\"},{\"@type\":\"ListItem\",\"position\":2,\"name\":\"Piscine &#038; SPA\"}]},{\"@type\":\"WebSite\",\"@id\":\"https:\/\/amdp-paysage.fr\/#website\",\"url\":\"https:\/\/amdp-paysage.fr\/\",\"name\":\"AMDP - Paysage\",\"description\":\"\",\"publisher\":{\"@id\":\"https:\/\/amdp-paysage.fr\/#organization\"},\"potentialAction\":[{\"@type\":\"SearchAction\",\"target\":{\"@type\":\"EntryPoint\",\"urlTemplate\":\"https:\/\/amdp-paysage.fr\/?s={search_term_string}\"},\"query-input\":{\"@type\":\"PropertyValueSpecification\",\"valueRequired\":true,\"valueName\":\"search_term_string\"}}],\"inLanguage\":\"fr-FR\"},{\"@type\":\"Organization\",\"@id\":\"https:\/\/amdp-paysage.fr\/#organization\",\"name\":\"AMDP - Paysage\",\"url\":\"https:\/\/amdp-paysage.fr\/\",\"logo\":{\"@type\":\"ImageObject\",\"inLanguage\":\"fr-FR\",\"@id\":\"https:\/\/amdp-paysage.fr\/#\/schema\/logo\/image\/\",\"url\":\"https:\/\/amdp-paysage.fr\/wp-content\/uploads\/2025\/08\/cropped-cropped-Logo-final-V2_page-0002.jpg\",\"contentUrl\":\"https:\/\/amdp-paysage.fr\/wp-content\/uploads\/2025\/08\/cropped-cropped-Logo-final-V2_page-0002.jpg\",\"width\":512,\"height\":512,\"caption\":\"AMDP - Paysage\"},\"image\":{\"@id\":\"https:\/\/amdp-paysage.fr\/#\/schema\/logo\/image\/\"}}]}<\/script>\n<!-- \/ Yoast SEO plugin. -->","yoast_head_json":{"title":"Piscine & SPA - AMDP - Paysage","robots":{"index":"index","follow":"follow","max-snippet":"max-snippet:-1","max-image-preview":"max-image-preview:large","max-video-preview":"max-video-preview:-1"},"canonical":"https:\/\/amdp-paysage.fr\/index.php\/creation-de-jardin\/","og_locale":"fr_FR","og_type":"article","og_title":"Piscine & SPA - AMDP - Paysage","og_description":"Piscine &amp; SPA AMDP &#8211; Paysage Full Name Int\u00e9gration paysag\u00e8re On joue sur les volumes, les mat\u00e9riaux et les plantation pour qu&rsquo;elle paraisse&#8230; n\u00e9e ici.\u00a0 Full Name Projet cl\u00e9 en main Coneption et chiffrage de votre piscine\/Spa. De votre premi\u00e8re id\u00e9e jusqu&rsquo;\u00e0 la mise en eau.\u00a0 Full Name Choix des mat\u00e9riaux Nous travaillons avec des [&hellip;]","og_url":"https:\/\/amdp-paysage.fr\/index.php\/creation-de-jardin\/","og_site_name":"AMDP - Paysage","article_modified_time":"2026-01-22T08:07:00+00:00","twitter_card":"summary_large_image","schema":{"@context":"https:\/\/schema.org","@graph":[{"@type":"WebPage","@id":"https:\/\/amdp-paysage.fr\/index.php\/creation-de-jardin\/","url":"https:\/\/amdp-paysage.fr\/index.php\/creation-de-jardin\/","name":"Piscine & SPA - AMDP - Paysage","isPartOf":{"@id":"https:\/\/amdp-paysage.fr\/#website"},"datePublished":"2025-11-12T13:53:51+00:00","dateModified":"2026-01-22T08:07:00+00:00","breadcrumb":{"@id":"https:\/\/amdp-paysage.fr\/index.php\/creation-de-jardin\/#breadcrumb"},"inLanguage":"fr-FR","potentialAction":[{"@type":"ReadAction","target":["https:\/\/amdp-paysage.fr\/index.php\/creation-de-jardin\/"]}]},{"@type":"BreadcrumbList","@id":"https:\/\/amdp-paysage.fr\/index.php\/creation-de-jardin\/#breadcrumb","itemListElement":[{"@type":"ListItem","position":1,"name":"Accueil","item":"https:\/\/amdp-paysage.fr\/"},{"@type":"ListItem","position":2,"name":"Piscine &#038; SPA"}]},{"@type":"WebSite","@id":"https:\/\/amdp-paysage.fr\/#website","url":"https:\/\/amdp-paysage.fr\/","name":"AMDP - Paysage","description":"","publisher":{"@id":"https:\/\/amdp-paysage.fr\/#organization"},"potentialAction":[{"@type":"SearchAction","target":{"@type":"EntryPoint","urlTemplate":"https:\/\/amdp-paysage.fr\/?s={search_term_string}"},"query-input":{"@type":"PropertyValueSpecification","valueRequired":true,"valueName":"search_term_string"}}],"inLanguage":"fr-FR"},{"@type":"Organization","@id":"https:\/\/amdp-paysage.fr\/#organization","name":"AMDP - Paysage","url":"https:\/\/amdp-paysage.fr\/","logo":{"@type":"ImageObject","inLanguage":"fr-FR","@id":"https:\/\/amdp-paysage.fr\/#\/schema\/logo\/image\/","url":"https:\/\/amdp-paysage.fr\/wp-content\/uploads\/2025\/08\/cropped-cropped-Logo-final-V2_page-0002.jpg","contentUrl":"https:\/\/amdp-paysage.fr\/wp-content\/uploads\/2025\/08\/cropped-cropped-Logo-final-V2_page-0002.jpg","width":512,"height":512,"caption":"AMDP - Paysage"},"image":{"@id":"https:\/\/amdp-paysage.fr\/#\/schema\/logo\/image\/"}}]}},"_links":{"self":[{"href":"https:\/\/amdp-paysage.fr\/index.php\/wp-json\/wp\/v2\/pages\/1522","targetHints":{"allow":["GET"]}}],"collection":[{"href":"https:\/\/amdp-paysage.fr\/index.php\/wp-json\/wp\/v2\/pages"}],"about":[{"href":"https:\/\/amdp-paysage.fr\/index.php\/wp-json\/wp\/v2\/types\/page"}],"author":[{"embeddable":true,"href":"https:\/\/amdp-paysage.fr\/index.php\/wp-json\/wp\/v2\/users\/1"}],"replies":[{"embeddable":true,"href":"https:\/\/amdp-paysage.fr\/index.php\/wp-json\/wp\/v2\/comments?post=1522"}],"version-history":[{"count":12,"href":"https:\/\/amdp-paysage.fr\/index.php\/wp-json\/wp\/v2\/pages\/1522\/revisions"}],"predecessor-version":[{"id":1590,"href":"https:\/\/amdp-paysage.fr\/index.php\/wp-json\/wp\/v2\/pages\/1522\/revisions\/1590"}],"wp:attachment":[{"href":"https:\/\/amdp-paysage.fr\/index.php\/wp-json\/wp\/v2\/media?parent=1522"}],"curies":[{"name":"wp","href":"https:\/\/api.w.org\/{rel}","templated":true}]}}