{"id":418,"date":"2025-08-08T08:01:05","date_gmt":"2025-08-08T08:01:05","guid":{"rendered":"https:\/\/amdp-paysage.fr\/?page_id=418"},"modified":"2026-01-27T10:53:07","modified_gmt":"2026-01-27T10:53:07","slug":"nos-realisations","status":"publish","type":"page","link":"https:\/\/amdp-paysage.fr\/index.php\/nos-realisations\/","title":{"rendered":"Nos r\u00e9alisations"},"content":{"rendered":"\t\t<div data-elementor-type=\"wp-page\" data-elementor-id=\"418\" class=\"elementor elementor-418\">\n\t\t\t\t<div class=\"elementor-element elementor-element-10e3457 e-flex e-con-boxed e-con e-parent\" data-id=\"10e3457\" data-element_type=\"container\">\n\t\t\t\t\t<div class=\"e-con-inner\">\n\t\t\t\t<div class=\"elementor-element elementor-element-231cba7 elementor-widget elementor-widget-zigzag\" data-id=\"231cba7\" data-element_type=\"widget\" data-settings=\"{&quot;zigzag_animation&quot;:&quot;fadeInUp&quot;,&quot;_animation&quot;:&quot;none&quot;,&quot;image_shape&quot;:&quot;sharp&quot;}\" data-widget_type=\"zigzag.default\">\n\t\t\t\t<div class=\"elementor-widget-container\">\n\t\t\t\t\t\t\t<div class=\"ehp-zigzag has-direction-start has-entrance-animation\">\n\t\t\t\t\t\t\t<div class=\"ehp-zigzag__item-wrapper hidden\">\n\t\t\t\t\t<div class=\"ehp-zigzag__item-container\">\n\t\t\t\t\t\t\t\t<div class=\"ehp-zigzag__graphic-element-container has-image\">\n\t\t\t\t\t\t<div class=\"ehp-image ehp-zigzag__image-container\">\n\t\t\t\t<img decoding=\"async\" class=\"ehp-image__img ehp-zigzag__img has-shape-sharp shape-type-image\" src=\"https:\/\/amdp-paysage.fr\/wp-content\/uploads\/2025\/08\/IMG_4394-3-scaled.jpg\" title=\"VILLA AMICI\" alt=\"VILLA AMICI\" loading=\"lazy\" \/>\t\t\t<\/div>\n\t\t\t\t\t<\/div>\n\t\t\t\t<div class=\"ehp-zigzag__text-container is-graphic-image\">\n\t\t\t<h2 class=\"ehp-zigzag__title\">Villa AMICI<\/h2><p class=\"ehp-zigzag__description\">Apr\u00e8s la d\u00e9molition de la maison, un projet de construction neuve a d\u00e9marr\u00e9...<\/p>\t\t<div class=\"ehp-zigzag__button-container\">\n\t\t\t<a class=\"ehp-button ehp-button--primary ehp-zigzag__button ehp-zigzag__button--primary is-type-link\" href=\"https:\/\/amdp-paysage.fr\/index.php\/villa-vino\/\">\n\t\t\t\t<span class=\"ehp-zigzag__button-text\">D\u00e9couvrir<\/span>\t\t\t\t\t<\/a>\n\t\t<\/div>\n\t\t\t\t<\/div>\n\t\t\t\t\t\t\t<\/div>\n\t\t\t\t<\/div>\n\t\t\t\t\t\t\t\t<div class=\"ehp-zigzag__item-wrapper hidden\">\n\t\t\t\t\t<div class=\"ehp-zigzag__item-container\">\n\t\t\t\t\t\t\t\t<div class=\"ehp-zigzag__graphic-element-container has-image\">\n\t\t\t\t\t\t<div class=\"ehp-image ehp-zigzag__image-container ehp-image ehp-zigzag__image-container\">\n\t\t\t\t<img decoding=\"async\" class=\"ehp-image__img ehp-zigzag__img has-shape-sharp shape-type-image\" src=\"https:\/\/amdp-paysage.fr\/wp-content\/uploads\/2025\/11\/image0-1-scaled.jpeg\" title=\"\" alt=\"\" loading=\"lazy\" \/>\t\t\t<\/div>\n\t\t\t\t\t<\/div>\n\t\t\t\t<div class=\"ehp-zigzag__text-container is-graphic-image\">\n\t\t\t<h2 class=\"ehp-zigzag__title\">Villa OPUS<\/h2><p class=\"ehp-zigzag__description\">Une vue \u00e0 couper le souffle, il ne manquait plus que le jardin...<\/p>\t\t<div class=\"ehp-zigzag__button-container ehp-zigzag__button-container\">\n\t\t\t<a class=\"ehp-button ehp-button--primary ehp-zigzag__button ehp-zigzag__button--primary is-type-link\" href=\"https:\/\/amdp-paysage.fr\/index.php\/villa-opus\/\">\n\t\t\t\t<span class=\"ehp-zigzag__button-text\">D\u00e9couvrir<\/span>\t\t\t\t\t<\/a>\n\t\t<\/div>\n\t\t\t\t<\/div>\n\t\t\t\t\t\t\t<\/div>\n\t\t\t\t<\/div>\n\t\t\t\t\t\t\t\t<div class=\"ehp-zigzag__item-wrapper hidden\">\n\t\t\t\t\t<div class=\"ehp-zigzag__item-container\">\n\t\t\t\t\t\t\t\t<div class=\"ehp-zigzag__graphic-element-container has-image\">\n\t\t\t\t\t\t<div class=\"ehp-image ehp-zigzag__image-container ehp-image ehp-zigzag__image-container ehp-image ehp-zigzag__image-container\">\n\t\t\t\t<img decoding=\"async\" class=\"ehp-image__img ehp-zigzag__img has-shape-sharp shape-type-image\" src=\"https:\/\/amdp-paysage.fr\/wp-content\/uploads\/2025\/08\/IMG_0101-scaled.jpg\" title=\"IMG_0101\" alt=\"IMG_0101\" loading=\"lazy\" \/>\t\t\t<\/div>\n\t\t\t\t\t<\/div>\n\t\t\t\t<div class=\"ehp-zigzag__text-container is-graphic-image\">\n\t\t\t<h2 class=\"ehp-zigzag__title\">Villa Domus<\/h2><p class=\"ehp-zigzag__description\">Les clients r\u00eavaient d\u2019un esprit proven\u00e7al\u2026 nous l\u2019avons fa\u00e7onn\u00e9 avec des pierres naturelles, brutes et pleines de caract\u00e8re...<\/p>\t\t<div class=\"ehp-zigzag__button-container ehp-zigzag__button-container ehp-zigzag__button-container\">\n\t\t\t<a class=\"ehp-button ehp-button--primary ehp-zigzag__button ehp-zigzag__button--primary is-type-link\" href=\"https:\/\/amdp-paysage.fr\/index.php\/villa-amici\/\">\n\t\t\t\t<span class=\"ehp-zigzag__button-text\">D\u00e9couvrir<\/span>\t\t\t\t\t<\/a>\n\t\t<\/div>\n\t\t\t\t<\/div>\n\t\t\t\t\t\t\t<\/div>\n\t\t\t\t<\/div>\n\t\t\t\t\t\t\t<\/div>\n\t\t\t\t\t\t<\/div>\n\t\t\t\t<\/div>\n\t\t\t\t\t<\/div>\n\t\t\t\t<\/div>\n\t\t\t\t<\/div>\n\t\t","protected":false},"excerpt":{"rendered":"<p>Villa AMICI Apr\u00e8s la d\u00e9molition de la maison, un projet de construction neuve a d\u00e9marr\u00e9&#8230; D\u00e9couvrir Villa OPUS Une vue \u00e0 couper le souffle, il ne manquait plus que le jardin&#8230; D\u00e9couvrir Villa Domus Les clients r\u00eavaient d\u2019un esprit proven\u00e7al\u2026 nous l\u2019avons fa\u00e7onn\u00e9 avec des pierres naturelles, brutes et pleines de caract\u00e8re&#8230; D\u00e9couvrir<\/p>\n","protected":false},"author":1,"featured_media":0,"parent":0,"menu_order":0,"comment_status":"closed","ping_status":"closed","template":"","meta":{"footnotes":""},"class_list":["post-418","page","type-page","status-publish","hentry"],"yoast_head":"<!-- This site is optimized with the Yoast SEO plugin v26.9 - https:\/\/yoast.com\/product\/yoast-seo-wordpress\/ -->\n<title>Nos r\u00e9alisations - AMDP - Paysage<\/title>\n<meta name=\"robots\" content=\"index, follow, max-snippet:-1, max-image-preview:large, max-video-preview:-1\" \/>\n<link rel=\"canonical\" href=\"https:\/\/amdp-paysage.fr\/index.php\/nos-realisations\/\" \/>\n<meta property=\"og:locale\" content=\"fr_FR\" \/>\n<meta property=\"og:type\" content=\"article\" \/>\n<meta property=\"og:title\" content=\"Nos r\u00e9alisations - AMDP - Paysage\" \/>\n<meta property=\"og:description\" content=\"Villa AMICI Apr\u00e8s la d\u00e9molition de la maison, un projet de construction neuve a d\u00e9marr\u00e9&#8230; D\u00e9couvrir Villa OPUS Une vue \u00e0 couper le souffle, il ne manquait plus que le jardin&#8230; D\u00e9couvrir Villa Domus Les clients r\u00eavaient d\u2019un esprit proven\u00e7al\u2026 nous l\u2019avons fa\u00e7onn\u00e9 avec des pierres naturelles, brutes et pleines de caract\u00e8re&#8230; D\u00e9couvrir\" \/>\n<meta property=\"og:url\" content=\"https:\/\/amdp-paysage.fr\/index.php\/nos-realisations\/\" \/>\n<meta property=\"og:site_name\" content=\"AMDP - Paysage\" \/>\n<meta property=\"article:modified_time\" content=\"2026-01-27T10:53:07+00:00\" \/>\n<meta property=\"og:image\" content=\"https:\/\/amdp-paysage.fr\/wp-content\/uploads\/2025\/08\/IMG_4394-3-scaled.jpg\" \/>\n<meta name=\"twitter:card\" content=\"summary_large_image\" \/>\n<script type=\"application\/ld+json\" class=\"yoast-schema-graph\">{\"@context\":\"https:\/\/schema.org\",\"@graph\":[{\"@type\":\"WebPage\",\"@id\":\"https:\/\/amdp-paysage.fr\/index.php\/nos-realisations\/\",\"url\":\"https:\/\/amdp-paysage.fr\/index.php\/nos-realisations\/\",\"name\":\"Nos r\u00e9alisations - AMDP - Paysage\",\"isPartOf\":{\"@id\":\"https:\/\/amdp-paysage.fr\/#website\"},\"primaryImageOfPage\":{\"@id\":\"https:\/\/amdp-paysage.fr\/index.php\/nos-realisations\/#primaryimage\"},\"image\":{\"@id\":\"https:\/\/amdp-paysage.fr\/index.php\/nos-realisations\/#primaryimage\"},\"thumbnailUrl\":\"https:\/\/amdp-paysage.fr\/wp-content\/uploads\/2025\/08\/IMG_4394-3-scaled.jpg\",\"datePublished\":\"2025-08-08T08:01:05+00:00\",\"dateModified\":\"2026-01-27T10:53:07+00:00\",\"breadcrumb\":{\"@id\":\"https:\/\/amdp-paysage.fr\/index.php\/nos-realisations\/#breadcrumb\"},\"inLanguage\":\"fr-FR\",\"potentialAction\":[{\"@type\":\"ReadAction\",\"target\":[\"https:\/\/amdp-paysage.fr\/index.php\/nos-realisations\/\"]}]},{\"@type\":\"ImageObject\",\"inLanguage\":\"fr-FR\",\"@id\":\"https:\/\/amdp-paysage.fr\/index.php\/nos-realisations\/#primaryimage\",\"url\":\"https:\/\/amdp-paysage.fr\/wp-content\/uploads\/2025\/08\/IMG_4394-3-scaled.jpg\",\"contentUrl\":\"https:\/\/amdp-paysage.fr\/wp-content\/uploads\/2025\/08\/IMG_4394-3-scaled.jpg\",\"width\":2560,\"height\":1764},{\"@type\":\"BreadcrumbList\",\"@id\":\"https:\/\/amdp-paysage.fr\/index.php\/nos-realisations\/#breadcrumb\",\"itemListElement\":[{\"@type\":\"ListItem\",\"position\":1,\"name\":\"Accueil\",\"item\":\"https:\/\/amdp-paysage.fr\/\"},{\"@type\":\"ListItem\",\"position\":2,\"name\":\"Nos r\u00e9alisations\"}]},{\"@type\":\"WebSite\",\"@id\":\"https:\/\/amdp-paysage.fr\/#website\",\"url\":\"https:\/\/amdp-paysage.fr\/\",\"name\":\"AMDP - Paysage\",\"description\":\"\",\"publisher\":{\"@id\":\"https:\/\/amdp-paysage.fr\/#organization\"},\"potentialAction\":[{\"@type\":\"SearchAction\",\"target\":{\"@type\":\"EntryPoint\",\"urlTemplate\":\"https:\/\/amdp-paysage.fr\/?s={search_term_string}\"},\"query-input\":{\"@type\":\"PropertyValueSpecification\",\"valueRequired\":true,\"valueName\":\"search_term_string\"}}],\"inLanguage\":\"fr-FR\"},{\"@type\":\"Organization\",\"@id\":\"https:\/\/amdp-paysage.fr\/#organization\",\"name\":\"AMDP - Paysage\",\"url\":\"https:\/\/amdp-paysage.fr\/\",\"logo\":{\"@type\":\"ImageObject\",\"inLanguage\":\"fr-FR\",\"@id\":\"https:\/\/amdp-paysage.fr\/#\/schema\/logo\/image\/\",\"url\":\"https:\/\/amdp-paysage.fr\/wp-content\/uploads\/2025\/08\/cropped-cropped-Logo-final-V2_page-0002.jpg\",\"contentUrl\":\"https:\/\/amdp-paysage.fr\/wp-content\/uploads\/2025\/08\/cropped-cropped-Logo-final-V2_page-0002.jpg\",\"width\":512,\"height\":512,\"caption\":\"AMDP - Paysage\"},\"image\":{\"@id\":\"https:\/\/amdp-paysage.fr\/#\/schema\/logo\/image\/\"}}]}<\/script>\n<!-- \/ Yoast SEO plugin. -->","yoast_head_json":{"title":"Nos r\u00e9alisations - AMDP - Paysage","robots":{"index":"index","follow":"follow","max-snippet":"max-snippet:-1","max-image-preview":"max-image-preview:large","max-video-preview":"max-video-preview:-1"},"canonical":"https:\/\/amdp-paysage.fr\/index.php\/nos-realisations\/","og_locale":"fr_FR","og_type":"article","og_title":"Nos r\u00e9alisations - AMDP - Paysage","og_description":"Villa AMICI Apr\u00e8s la d\u00e9molition de la maison, un projet de construction neuve a d\u00e9marr\u00e9&#8230; D\u00e9couvrir Villa OPUS Une vue \u00e0 couper le souffle, il ne manquait plus que le jardin&#8230; D\u00e9couvrir Villa Domus Les clients r\u00eavaient d\u2019un esprit proven\u00e7al\u2026 nous l\u2019avons fa\u00e7onn\u00e9 avec des pierres naturelles, brutes et pleines de caract\u00e8re&#8230; D\u00e9couvrir","og_url":"https:\/\/amdp-paysage.fr\/index.php\/nos-realisations\/","og_site_name":"AMDP - Paysage","article_modified_time":"2026-01-27T10:53:07+00:00","og_image":[{"url":"https:\/\/amdp-paysage.fr\/wp-content\/uploads\/2025\/08\/IMG_4394-3-scaled.jpg","type":"","width":"","height":""}],"twitter_card":"summary_large_image","schema":{"@context":"https:\/\/schema.org","@graph":[{"@type":"WebPage","@id":"https:\/\/amdp-paysage.fr\/index.php\/nos-realisations\/","url":"https:\/\/amdp-paysage.fr\/index.php\/nos-realisations\/","name":"Nos r\u00e9alisations - AMDP - Paysage","isPartOf":{"@id":"https:\/\/amdp-paysage.fr\/#website"},"primaryImageOfPage":{"@id":"https:\/\/amdp-paysage.fr\/index.php\/nos-realisations\/#primaryimage"},"image":{"@id":"https:\/\/amdp-paysage.fr\/index.php\/nos-realisations\/#primaryimage"},"thumbnailUrl":"https:\/\/amdp-paysage.fr\/wp-content\/uploads\/2025\/08\/IMG_4394-3-scaled.jpg","datePublished":"2025-08-08T08:01:05+00:00","dateModified":"2026-01-27T10:53:07+00:00","breadcrumb":{"@id":"https:\/\/amdp-paysage.fr\/index.php\/nos-realisations\/#breadcrumb"},"inLanguage":"fr-FR","potentialAction":[{"@type":"ReadAction","target":["https:\/\/amdp-paysage.fr\/index.php\/nos-realisations\/"]}]},{"@type":"ImageObject","inLanguage":"fr-FR","@id":"https:\/\/amdp-paysage.fr\/index.php\/nos-realisations\/#primaryimage","url":"https:\/\/amdp-paysage.fr\/wp-content\/uploads\/2025\/08\/IMG_4394-3-scaled.jpg","contentUrl":"https:\/\/amdp-paysage.fr\/wp-content\/uploads\/2025\/08\/IMG_4394-3-scaled.jpg","width":2560,"height":1764},{"@type":"BreadcrumbList","@id":"https:\/\/amdp-paysage.fr\/index.php\/nos-realisations\/#breadcrumb","itemListElement":[{"@type":"ListItem","position":1,"name":"Accueil","item":"https:\/\/amdp-paysage.fr\/"},{"@type":"ListItem","position":2,"name":"Nos r\u00e9alisations"}]},{"@type":"WebSite","@id":"https:\/\/amdp-paysage.fr\/#website","url":"https:\/\/amdp-paysage.fr\/","name":"AMDP - Paysage","description":"","publisher":{"@id":"https:\/\/amdp-paysage.fr\/#organization"},"potentialAction":[{"@type":"SearchAction","target":{"@type":"EntryPoint","urlTemplate":"https:\/\/amdp-paysage.fr\/?s={search_term_string}"},"query-input":{"@type":"PropertyValueSpecification","valueRequired":true,"valueName":"search_term_string"}}],"inLanguage":"fr-FR"},{"@type":"Organization","@id":"https:\/\/amdp-paysage.fr\/#organization","name":"AMDP - Paysage","url":"https:\/\/amdp-paysage.fr\/","logo":{"@type":"ImageObject","inLanguage":"fr-FR","@id":"https:\/\/amdp-paysage.fr\/#\/schema\/logo\/image\/","url":"https:\/\/amdp-paysage.fr\/wp-content\/uploads\/2025\/08\/cropped-cropped-Logo-final-V2_page-0002.jpg","contentUrl":"https:\/\/amdp-paysage.fr\/wp-content\/uploads\/2025\/08\/cropped-cropped-Logo-final-V2_page-0002.jpg","width":512,"height":512,"caption":"AMDP - Paysage"},"image":{"@id":"https:\/\/amdp-paysage.fr\/#\/schema\/logo\/image\/"}}]}},"_links":{"self":[{"href":"https:\/\/amdp-paysage.fr\/index.php\/wp-json\/wp\/v2\/pages\/418","targetHints":{"allow":["GET"]}}],"collection":[{"href":"https:\/\/amdp-paysage.fr\/index.php\/wp-json\/wp\/v2\/pages"}],"about":[{"href":"https:\/\/amdp-paysage.fr\/index.php\/wp-json\/wp\/v2\/types\/page"}],"author":[{"embeddable":true,"href":"https:\/\/amdp-paysage.fr\/index.php\/wp-json\/wp\/v2\/users\/1"}],"replies":[{"embeddable":true,"href":"https:\/\/amdp-paysage.fr\/index.php\/wp-json\/wp\/v2\/comments?post=418"}],"version-history":[{"count":25,"href":"https:\/\/amdp-paysage.fr\/index.php\/wp-json\/wp\/v2\/pages\/418\/revisions"}],"predecessor-version":[{"id":1602,"href":"https:\/\/amdp-paysage.fr\/index.php\/wp-json\/wp\/v2\/pages\/418\/revisions\/1602"}],"wp:attachment":[{"href":"https:\/\/amdp-paysage.fr\/index.php\/wp-json\/wp\/v2\/media?parent=418"}],"curies":[{"name":"wp","href":"https:\/\/api.w.org\/{rel}","templated":true}]}}