{"id":580,"date":"2025-08-09T16:38:56","date_gmt":"2025-08-09T16:38:56","guid":{"rendered":"https:\/\/amdp-paysage.fr\/?page_id=580"},"modified":"2025-11-12T14:29:49","modified_gmt":"2025-11-12T14:29:49","slug":"nos-services","status":"publish","type":"page","link":"https:\/\/amdp-paysage.fr\/index.php\/nos-services\/","title":{"rendered":"Nos services"},"content":{"rendered":"\t\t<div data-elementor-type=\"wp-page\" data-elementor-id=\"580\" class=\"elementor elementor-580\">\n\t\t\t\t<div class=\"elementor-element elementor-element-1b83c99 e-flex e-con-boxed e-con e-parent\" data-id=\"1b83c99\" data-element_type=\"container\">\n\t\t\t\t\t<div class=\"e-con-inner\">\n\t\t<div class=\"elementor-element elementor-element-373ac25 e-con-full e-flex e-con e-child\" data-id=\"373ac25\" data-element_type=\"container\">\n\t\t<div class=\"elementor-element elementor-element-91d5bb7 e-con-full e-flex e-con e-child\" data-id=\"91d5bb7\" data-element_type=\"container\">\n\t\t\t\t<div class=\"elementor-element elementor-element-62de918 elementor-widget elementor-widget-image\" data-id=\"62de918\" data-element_type=\"widget\" data-widget_type=\"image.default\">\n\t\t\t\t\t\t\t\t\t\t\t\t\t\t\t\t<a href=\"https:\/\/amdp-paysage.fr\/index.php\/bureau-detude-2\/\">\n\t\t\t\t\t\t\t<img fetchpriority=\"high\" decoding=\"async\" width=\"1707\" height=\"2560\" src=\"https:\/\/amdp-paysage.fr\/wp-content\/uploads\/2025\/08\/ryan-ancill-0w1MiTY78h0-unsplash-1-scaled.jpg\" class=\"attachment-full size-full wp-image-901\" alt=\"\" srcset=\"https:\/\/amdp-paysage.fr\/wp-content\/uploads\/2025\/08\/ryan-ancill-0w1MiTY78h0-unsplash-1-scaled.jpg 1707w, https:\/\/amdp-paysage.fr\/wp-content\/uploads\/2025\/08\/ryan-ancill-0w1MiTY78h0-unsplash-1-200x300.jpg 200w, https:\/\/amdp-paysage.fr\/wp-content\/uploads\/2025\/08\/ryan-ancill-0w1MiTY78h0-unsplash-1-683x1024.jpg 683w, https:\/\/amdp-paysage.fr\/wp-content\/uploads\/2025\/08\/ryan-ancill-0w1MiTY78h0-unsplash-1-768x1152.jpg 768w, https:\/\/amdp-paysage.fr\/wp-content\/uploads\/2025\/08\/ryan-ancill-0w1MiTY78h0-unsplash-1-1024x1536.jpg 1024w, https:\/\/amdp-paysage.fr\/wp-content\/uploads\/2025\/08\/ryan-ancill-0w1MiTY78h0-unsplash-1-1365x2048.jpg 1365w\" sizes=\"(max-width: 1707px) 100vw, 1707px\" \/>\t\t\t\t\t\t\t\t<\/a>\n\t\t\t\t\t\t\t\t\t\t\t\t\t\t\t<\/div>\n\t\t\t\t<\/div>\n\t\t<div class=\"elementor-element elementor-element-267707a e-con-full e-flex e-con e-child\" data-id=\"267707a\" data-element_type=\"container\">\n\t\t\t\t<div class=\"elementor-element elementor-element-67ac244 elementor-widget elementor-widget-heading\" data-id=\"67ac244\" data-element_type=\"widget\" data-widget_type=\"heading.default\">\n\t\t\t\t\t<h2 class=\"elementor-heading-title elementor-size-default\"><a href=\"https:\/\/amdp-paysage.fr\/index.php\/bureau-detude-2\/\">Bureau d'\u00e9tude<\/a><\/h2>\t\t\t\t<\/div>\n\t\t\t\t<div class=\"elementor-element elementor-element-e493454 elementor-widget elementor-widget-text-editor\" data-id=\"e493454\" data-element_type=\"widget\" data-widget_type=\"text-editor.default\">\n\t\t\t\t\t\t\t\t\t<p>Le bureau d\u2019\u00e9tudes d\u2019AMDP transforme les id\u00e9es en solutions concr\u00e8tes, de la conception \u00e0 la mise en service. Gr\u00e2ce aux logiciels 3D et aux rendus r\u00e9alistes de&nbsp;<a href=\"https:\/\/www.lumion3d.fr\/?srsltid=AfmBOorNS7oY9__Tqa_6ueim4Qv2tg20YRWGBwrpcwYmVD_ulPTPfLFi\" target=\"_blank\"><u>Lumion<\/u><\/a>, chaque projet est visualis\u00e9 dans son environnement avant fabrication, garantissant pr\u00e9cision, efficacit\u00e9 et satisfaction client.<\/p>\t\t\t\t\t\t\t\t<\/div>\n\t\t\t\t<div class=\"elementor-element elementor-element-bf55af6 elementor-widget elementor-widget-button\" data-id=\"bf55af6\" data-element_type=\"widget\" data-widget_type=\"button.default\">\n\t\t\t\t\t\t\t\t\t\t<a class=\"elementor-button elementor-button-link elementor-size-sm\" href=\"https:\/\/amdp-paysage.fr\/index.php\/bureau-detude-2\/\">\n\t\t\t\t\t\t<span class=\"elementor-button-content-wrapper\">\n\t\t\t\t\t\t\t\t\t<span class=\"elementor-button-text\">En savoir plus...<\/span>\n\t\t\t\t\t<\/span>\n\t\t\t\t\t<\/a>\n\t\t\t\t\t\t\t\t<\/div>\n\t\t\t\t<\/div>\n\t\t\t\t<\/div>\n\t\t<div class=\"elementor-element elementor-element-39d8705 e-con-full e-flex e-con e-child\" data-id=\"39d8705\" data-element_type=\"container\">\n\t\t<div class=\"elementor-element elementor-element-6929f74 e-con-full e-flex e-con e-child\" data-id=\"6929f74\" data-element_type=\"container\">\n\t\t\t\t<div class=\"elementor-element elementor-element-e9cb137 elementor-widget elementor-widget-image\" data-id=\"e9cb137\" data-element_type=\"widget\" data-widget_type=\"image.default\">\n\t\t\t\t\t\t\t\t\t\t\t\t\t\t\t\t<a href=\"https:\/\/amdp-paysage.fr\/index.php\/bureau-detude\/\">\n\t\t\t\t\t\t\t<img decoding=\"async\" width=\"2556\" height=\"1593\" src=\"https:\/\/amdp-paysage.fr\/wp-content\/uploads\/2025\/11\/IMG_4991-scaled-e1762882450849.jpeg\" class=\"attachment-full size-full wp-image-1373\" alt=\"\" srcset=\"https:\/\/amdp-paysage.fr\/wp-content\/uploads\/2025\/11\/IMG_4991-scaled-e1762882450849.jpeg 2556w, https:\/\/amdp-paysage.fr\/wp-content\/uploads\/2025\/11\/IMG_4991-scaled-e1762882450849-300x187.jpeg 300w, https:\/\/amdp-paysage.fr\/wp-content\/uploads\/2025\/11\/IMG_4991-scaled-e1762882450849-1024x638.jpeg 1024w, https:\/\/amdp-paysage.fr\/wp-content\/uploads\/2025\/11\/IMG_4991-scaled-e1762882450849-768x479.jpeg 768w, https:\/\/amdp-paysage.fr\/wp-content\/uploads\/2025\/11\/IMG_4991-scaled-e1762882450849-1536x957.jpeg 1536w, https:\/\/amdp-paysage.fr\/wp-content\/uploads\/2025\/11\/IMG_4991-scaled-e1762882450849-2048x1276.jpeg 2048w\" sizes=\"(max-width: 2556px) 100vw, 2556px\" \/>\t\t\t\t\t\t\t\t<\/a>\n\t\t\t\t\t\t\t\t\t\t\t\t\t\t\t<\/div>\n\t\t\t\t<\/div>\n\t\t<div class=\"elementor-element elementor-element-1723332 e-con-full e-flex e-con e-child\" data-id=\"1723332\" data-element_type=\"container\">\n\t\t\t\t<div class=\"elementor-element elementor-element-74e6991 elementor-widget elementor-widget-heading\" data-id=\"74e6991\" data-element_type=\"widget\" data-widget_type=\"heading.default\">\n\t\t\t\t\t<h2 class=\"elementor-heading-title elementor-size-default\"><a href=\"https:\/\/amdp-paysage.fr\/index.php\/bureau-detude\/\">Cr\u00e9ation de jardin<\/a><\/h2>\t\t\t\t<\/div>\n\t\t\t\t<div class=\"elementor-element elementor-element-15fd1df elementor-widget elementor-widget-text-editor\" data-id=\"15fd1df\" data-element_type=\"widget\" data-widget_type=\"text-editor.default\">\n\t\t\t\t\t\t\t\t\t<p>Nous concevons et am\u00e9nageons des jardins personnalis\u00e9s, en vous accompagnant \u00e0 chaque \u00e9tape : choix des mat\u00e9riaux, harmonies v\u00e9g\u00e9tales et finitions soign\u00e9es. Chaque d\u00e9tail est pens\u00e9 pour cr\u00e9er un espace ext\u00e9rieur unique, esth\u00e9tique et durable.<\/p>\t\t\t\t\t\t\t\t<\/div>\n\t\t\t\t<div class=\"elementor-element elementor-element-6c386a2 elementor-widget elementor-widget-button\" data-id=\"6c386a2\" data-element_type=\"widget\" data-widget_type=\"button.default\">\n\t\t\t\t\t\t\t\t\t\t<a class=\"elementor-button elementor-button-link elementor-size-sm\" href=\"https:\/\/amdp-paysage.fr\/index.php\/bureau-detude\/\">\n\t\t\t\t\t\t<span class=\"elementor-button-content-wrapper\">\n\t\t\t\t\t\t\t\t\t<span class=\"elementor-button-text\">En savoir plus...<\/span>\n\t\t\t\t\t<\/span>\n\t\t\t\t\t<\/a>\n\t\t\t\t\t\t\t\t<\/div>\n\t\t\t\t<\/div>\n\t\t\t\t<\/div>\n\t\t<div class=\"elementor-element elementor-element-8fac764 e-con-full e-flex e-con e-child\" data-id=\"8fac764\" data-element_type=\"container\">\n\t\t<div class=\"elementor-element elementor-element-75fe0c8 e-con-full e-flex e-con e-child\" data-id=\"75fe0c8\" data-element_type=\"container\">\n\t\t\t\t<div class=\"elementor-element elementor-element-6eb0272 elementor-widget elementor-widget-image\" data-id=\"6eb0272\" data-element_type=\"widget\" data-widget_type=\"image.default\">\n\t\t\t\t\t\t\t\t\t\t\t\t\t\t\t\t<a href=\"https:\/\/amdp-paysage.fr\/index.php\/creation-de-jardin-2\/\">\n\t\t\t\t\t\t\t<img decoding=\"async\" width=\"1696\" height=\"2560\" src=\"https:\/\/amdp-paysage.fr\/wp-content\/uploads\/2025\/08\/daniel-watson-8vBpYpTGo90-unsplash-1-scaled.jpg\" class=\"attachment-full size-full wp-image-72\" alt=\"\" srcset=\"https:\/\/amdp-paysage.fr\/wp-content\/uploads\/2025\/08\/daniel-watson-8vBpYpTGo90-unsplash-1-scaled.jpg 1696w, https:\/\/amdp-paysage.fr\/wp-content\/uploads\/2025\/08\/daniel-watson-8vBpYpTGo90-unsplash-1-199x300.jpg 199w, https:\/\/amdp-paysage.fr\/wp-content\/uploads\/2025\/08\/daniel-watson-8vBpYpTGo90-unsplash-1-678x1024.jpg 678w, https:\/\/amdp-paysage.fr\/wp-content\/uploads\/2025\/08\/daniel-watson-8vBpYpTGo90-unsplash-1-768x1159.jpg 768w, https:\/\/amdp-paysage.fr\/wp-content\/uploads\/2025\/08\/daniel-watson-8vBpYpTGo90-unsplash-1-1017x1536.jpg 1017w, https:\/\/amdp-paysage.fr\/wp-content\/uploads\/2025\/08\/daniel-watson-8vBpYpTGo90-unsplash-1-1357x2048.jpg 1357w\" sizes=\"(max-width: 1696px) 100vw, 1696px\" \/>\t\t\t\t\t\t\t\t<\/a>\n\t\t\t\t\t\t\t\t\t\t\t\t\t\t\t<\/div>\n\t\t\t\t<\/div>\n\t\t<div class=\"elementor-element elementor-element-a45c897 e-con-full e-flex e-con e-child\" data-id=\"a45c897\" data-element_type=\"container\">\n\t\t\t\t<div class=\"elementor-element elementor-element-156257b elementor-widget elementor-widget-heading\" data-id=\"156257b\" data-element_type=\"widget\" data-widget_type=\"heading.default\">\n\t\t\t\t\t<h2 class=\"elementor-heading-title elementor-size-default\"><a href=\"https:\/\/amdp-paysage.fr\/index.php\/creation-de-jardin-2\/\">Entretien de jardin<\/a><\/h2>\t\t\t\t<\/div>\n\t\t\t\t<div class=\"elementor-element elementor-element-686f69b elementor-widget elementor-widget-text-editor\" data-id=\"686f69b\" data-element_type=\"widget\" data-widget_type=\"text-editor.default\">\n\t\t\t\t\t\t\t\t\t<article class=\"text-token-text-primary w-full focus:outline-none scroll-mt-[calc(var(--header-height)+min(200px,max(70px,20svh)))]\" dir=\"auto\" tabindex=\"-1\" data-turn-id=\"request-WEB:4ded4028-4ba4-45d5-ac3f-3f201286447e-10\" data-testid=\"conversation-turn-22\" data-scroll-anchor=\"true\" data-turn=\"assistant\"><div class=\"text-base my-auto mx-auto pb-10 [--thread-content-margin:--spacing(4)] @[37rem]:[--thread-content-margin:--spacing(6)] @[72rem]:[--thread-content-margin:--spacing(16)] px-(--thread-content-margin)\"><div class=\"[--thread-content-max-width:32rem] @[34rem]:[--thread-content-max-width:40rem] @[64rem]:[--thread-content-max-width:48rem] mx-auto max-w-(--thread-content-max-width) flex-1 group\/turn-messages focus-visible:outline-hidden relative flex w-full min-w-0 flex-col agent-turn\" tabindex=\"-1\"><div class=\"flex max-w-full flex-col grow\"><div class=\"min-h-8 text-message relative flex w-full flex-col items-end gap-2 text-start break-words whitespace-normal [.text-message+&amp;]:mt-5\" dir=\"auto\" data-message-author-role=\"assistant\" data-message-id=\"53b5c259-ac71-4a32-922d-90e567081c5c\" data-message-model-slug=\"gpt-5\"><div class=\"flex w-full flex-col gap-1 empty:hidden first:pt-[3px]\"><div class=\"markdown prose dark:prose-invert w-full break-words light markdown-new-styling\"><p data-start=\"0\" data-end=\"243\" data-is-last-node=\"\" data-is-only-node=\"\">Nous assurons l\u2019entretien complet de votre jardin, en veillant \u00e0 la sant\u00e9 des v\u00e9g\u00e9taux, \u00e0 la propret\u00e9 des espaces et \u00e0 la mise en valeur des am\u00e9nagements. Un suivi r\u00e9gulier et des interventions soign\u00e9es garantissent un ext\u00e9rieur toujours impeccable et accueillant.<\/p><\/div><\/div><\/div><\/div><\/div><\/div><\/article><div class=\"pointer-events-none h-px w-px\" aria-hidden=\"true\" data-edge=\"true\">\u00a0<\/div>\t\t\t\t\t\t\t\t<\/div>\n\t\t\t\t<div class=\"elementor-element elementor-element-f2084c0 elementor-widget elementor-widget-button\" data-id=\"f2084c0\" data-element_type=\"widget\" data-widget_type=\"button.default\">\n\t\t\t\t\t\t\t\t\t\t<a class=\"elementor-button elementor-button-link elementor-size-sm\" href=\"https:\/\/amdp-paysage.fr\/index.php\/creation-de-jardin-2\/\">\n\t\t\t\t\t\t<span class=\"elementor-button-content-wrapper\">\n\t\t\t\t\t\t\t\t\t<span class=\"elementor-button-text\">En savoir plus...<\/span>\n\t\t\t\t\t<\/span>\n\t\t\t\t\t<\/a>\n\t\t\t\t\t\t\t\t<\/div>\n\t\t\t\t<\/div>\n\t\t\t\t<\/div>\n\t\t<div class=\"elementor-element elementor-element-e193259 e-con-full e-flex e-con e-child\" data-id=\"e193259\" data-element_type=\"container\">\n\t\t<div class=\"elementor-element elementor-element-fcf41d2 e-con-full e-flex e-con e-child\" data-id=\"fcf41d2\" data-element_type=\"container\">\n\t\t\t\t<div class=\"elementor-element elementor-element-7c585ac elementor-widget elementor-widget-image\" data-id=\"7c585ac\" data-element_type=\"widget\" data-widget_type=\"image.default\">\n\t\t\t\t\t\t\t\t\t\t\t\t\t\t\t\t<a href=\"https:\/\/amdp-paysage.fr\/index.php\/creation-de-jardin\/\">\n\t\t\t\t\t\t\t<img loading=\"lazy\" decoding=\"async\" width=\"263\" height=\"300\" src=\"https:\/\/amdp-paysage.fr\/wp-content\/uploads\/2025\/11\/image0-scaled-e1762948852174-263x300.jpeg\" class=\"attachment-medium size-medium wp-image-1457\" alt=\"\" srcset=\"https:\/\/amdp-paysage.fr\/wp-content\/uploads\/2025\/11\/image0-scaled-e1762948852174-263x300.jpeg 263w, https:\/\/amdp-paysage.fr\/wp-content\/uploads\/2025\/11\/image0-scaled-e1762948852174-898x1024.jpeg 898w, https:\/\/amdp-paysage.fr\/wp-content\/uploads\/2025\/11\/image0-scaled-e1762948852174-768x876.jpeg 768w, https:\/\/amdp-paysage.fr\/wp-content\/uploads\/2025\/11\/image0-scaled-e1762948852174-1347x1536.jpeg 1347w, https:\/\/amdp-paysage.fr\/wp-content\/uploads\/2025\/11\/image0-scaled-e1762948852174-1796x2048.jpeg 1796w, https:\/\/amdp-paysage.fr\/wp-content\/uploads\/2025\/11\/image0-scaled-e1762948852174.jpeg 1920w\" sizes=\"(max-width: 263px) 100vw, 263px\" \/>\t\t\t\t\t\t\t\t<\/a>\n\t\t\t\t\t\t\t\t\t\t\t\t\t\t\t<\/div>\n\t\t\t\t<\/div>\n\t\t<div class=\"elementor-element elementor-element-41f0e38 e-con-full e-flex e-con e-child\" data-id=\"41f0e38\" data-element_type=\"container\">\n\t\t\t\t<div class=\"elementor-element elementor-element-3209d21 elementor-widget elementor-widget-heading\" data-id=\"3209d21\" data-element_type=\"widget\" data-widget_type=\"heading.default\">\n\t\t\t\t\t<h2 class=\"elementor-heading-title elementor-size-default\"><a href=\"https:\/\/amdp-paysage.fr\/index.php\/creation-de-jardin\/\">Pisicne &amp; spa<\/a><\/h2>\t\t\t\t<\/div>\n\t\t\t\t<div class=\"elementor-element elementor-element-03f378e elementor-widget elementor-widget-text-editor\" data-id=\"03f378e\" data-element_type=\"widget\" data-widget_type=\"text-editor.default\">\n\t\t\t\t\t\t\t\t\t<article class=\"text-token-text-primary w-full focus:outline-none scroll-mt-[calc(var(--header-height)+min(200px,max(70px,20svh)))]\" dir=\"auto\" tabindex=\"-1\" data-turn-id=\"request-WEB:4ded4028-4ba4-45d5-ac3f-3f201286447e-10\" data-testid=\"conversation-turn-22\" data-scroll-anchor=\"true\" data-turn=\"assistant\"><div class=\"text-base my-auto mx-auto pb-10 [--thread-content-margin:--spacing(4)] @[37rem]:[--thread-content-margin:--spacing(6)] @[72rem]:[--thread-content-margin:--spacing(16)] px-(--thread-content-margin)\"><div class=\"[--thread-content-max-width:32rem] @[34rem]:[--thread-content-max-width:40rem] @[64rem]:[--thread-content-max-width:48rem] mx-auto max-w-(--thread-content-max-width) flex-1 group\/turn-messages focus-visible:outline-hidden relative flex w-full min-w-0 flex-col agent-turn\" tabindex=\"-1\"><div class=\"flex max-w-full flex-col grow\"><div class=\"min-h-8 text-message relative flex w-full flex-col items-end gap-2 text-start break-words whitespace-normal [.text-message+&amp;]:mt-5\" dir=\"auto\" data-message-author-role=\"assistant\" data-message-id=\"53b5c259-ac71-4a32-922d-90e567081c5c\" data-message-model-slug=\"gpt-5\"><div class=\"flex w-full flex-col gap-1 empty:hidden first:pt-[3px]\"><div class=\"markdown prose dark:prose-invert w-full break-words light markdown-new-styling\"><p data-start=\"0\" data-end=\"243\" data-is-last-node=\"\" data-is-only-node=\"\">Nous r\u00e9alisons des <strong data-start=\"127\" data-end=\"166\">piscines traditionnelles sur mesure<\/strong> et installons des <strong data-start=\"185\" data-end=\"193\">spas<\/strong> pour transformer votre ext\u00e9rieur en v\u00e9ritable espace de d\u00e9tente. Qualit\u00e9, savoir-faire et service personnalis\u00e9 \u00e0 chaque \u00e9tape de votre projet.<\/p><\/div><\/div><\/div><\/div><\/div><\/div><\/article><div class=\"pointer-events-none h-px w-px\" aria-hidden=\"true\" data-edge=\"true\">\u00a0<\/div>\t\t\t\t\t\t\t\t<\/div>\n\t\t\t\t<div class=\"elementor-element elementor-element-6bd958b elementor-widget elementor-widget-button\" data-id=\"6bd958b\" data-element_type=\"widget\" data-widget_type=\"button.default\">\n\t\t\t\t\t\t\t\t\t\t<a class=\"elementor-button elementor-button-link elementor-size-sm\" href=\"https:\/\/amdp-paysage.fr\/index.php\/creation-de-jardin\/\">\n\t\t\t\t\t\t<span class=\"elementor-button-content-wrapper\">\n\t\t\t\t\t\t\t\t\t<span class=\"elementor-button-text\">En savoir plus...<\/span>\n\t\t\t\t\t<\/span>\n\t\t\t\t\t<\/a>\n\t\t\t\t\t\t\t\t<\/div>\n\t\t\t\t<\/div>\n\t\t\t\t<\/div>\n\t\t\t\t\t<\/div>\n\t\t\t\t<\/div>\n\t\t\t\t<\/div>\n\t\t","protected":false},"excerpt":{"rendered":"<p>Bureau d&rsquo;\u00e9tude Le bureau d\u2019\u00e9tudes d\u2019AMDP transforme les id\u00e9es en solutions concr\u00e8tes, de la conception \u00e0 la mise en service. Gr\u00e2ce aux logiciels 3D et aux rendus r\u00e9alistes de&nbsp;Lumion, chaque projet est visualis\u00e9 dans son environnement avant fabrication, garantissant pr\u00e9cision, efficacit\u00e9 et satisfaction client. En savoir plus&#8230; Cr\u00e9ation de jardin Nous concevons et am\u00e9nageons des [&hellip;]<\/p>\n","protected":false},"author":1,"featured_media":0,"parent":0,"menu_order":0,"comment_status":"closed","ping_status":"closed","template":"","meta":{"footnotes":""},"class_list":["post-580","page","type-page","status-publish","hentry"],"yoast_head":"<!-- This site is optimized with the Yoast SEO plugin v26.9 - https:\/\/yoast.com\/product\/yoast-seo-wordpress\/ -->\n<title>Nos services - AMDP - Paysage<\/title>\n<meta name=\"robots\" content=\"index, follow, max-snippet:-1, max-image-preview:large, max-video-preview:-1\" \/>\n<link rel=\"canonical\" href=\"https:\/\/amdp-paysage.fr\/index.php\/nos-services\/\" \/>\n<meta property=\"og:locale\" content=\"fr_FR\" \/>\n<meta property=\"og:type\" content=\"article\" \/>\n<meta property=\"og:title\" content=\"Nos services - AMDP - Paysage\" \/>\n<meta property=\"og:description\" content=\"Bureau d&rsquo;\u00e9tude Le bureau d\u2019\u00e9tudes d\u2019AMDP transforme les id\u00e9es en solutions concr\u00e8tes, de la conception \u00e0 la mise en service. Gr\u00e2ce aux logiciels 3D et aux rendus r\u00e9alistes de&nbsp;Lumion, chaque projet est visualis\u00e9 dans son environnement avant fabrication, garantissant pr\u00e9cision, efficacit\u00e9 et satisfaction client. En savoir plus&#8230; Cr\u00e9ation de jardin Nous concevons et am\u00e9nageons des [&hellip;]\" \/>\n<meta property=\"og:url\" content=\"https:\/\/amdp-paysage.fr\/index.php\/nos-services\/\" \/>\n<meta property=\"og:site_name\" content=\"AMDP - Paysage\" \/>\n<meta property=\"article:modified_time\" content=\"2025-11-12T14:29:49+00:00\" \/>\n<meta property=\"og:image\" content=\"https:\/\/amdp-paysage.fr\/wp-content\/uploads\/2025\/08\/ryan-ancill-0w1MiTY78h0-unsplash-1-scaled.jpg\" \/>\n\t<meta property=\"og:image:width\" content=\"1707\" \/>\n\t<meta property=\"og:image:height\" content=\"2560\" \/>\n\t<meta property=\"og:image:type\" content=\"image\/jpeg\" \/>\n<meta name=\"twitter:card\" content=\"summary_large_image\" \/>\n<meta name=\"twitter:label1\" content=\"Dur\u00e9e de lecture estim\u00e9e\" \/>\n\t<meta name=\"twitter:data1\" content=\"1 minute\" \/>\n<script type=\"application\/ld+json\" class=\"yoast-schema-graph\">{\"@context\":\"https:\/\/schema.org\",\"@graph\":[{\"@type\":\"WebPage\",\"@id\":\"https:\/\/amdp-paysage.fr\/index.php\/nos-services\/\",\"url\":\"https:\/\/amdp-paysage.fr\/index.php\/nos-services\/\",\"name\":\"Nos services - AMDP - Paysage\",\"isPartOf\":{\"@id\":\"https:\/\/amdp-paysage.fr\/#website\"},\"primaryImageOfPage\":{\"@id\":\"https:\/\/amdp-paysage.fr\/index.php\/nos-services\/#primaryimage\"},\"image\":{\"@id\":\"https:\/\/amdp-paysage.fr\/index.php\/nos-services\/#primaryimage\"},\"thumbnailUrl\":\"https:\/\/amdp-paysage.fr\/wp-content\/uploads\/2025\/08\/ryan-ancill-0w1MiTY78h0-unsplash-1-scaled.jpg\",\"datePublished\":\"2025-08-09T16:38:56+00:00\",\"dateModified\":\"2025-11-12T14:29:49+00:00\",\"breadcrumb\":{\"@id\":\"https:\/\/amdp-paysage.fr\/index.php\/nos-services\/#breadcrumb\"},\"inLanguage\":\"fr-FR\",\"potentialAction\":[{\"@type\":\"ReadAction\",\"target\":[\"https:\/\/amdp-paysage.fr\/index.php\/nos-services\/\"]}]},{\"@type\":\"ImageObject\",\"inLanguage\":\"fr-FR\",\"@id\":\"https:\/\/amdp-paysage.fr\/index.php\/nos-services\/#primaryimage\",\"url\":\"https:\/\/amdp-paysage.fr\/wp-content\/uploads\/2025\/08\/ryan-ancill-0w1MiTY78h0-unsplash-1-scaled.jpg\",\"contentUrl\":\"https:\/\/amdp-paysage.fr\/wp-content\/uploads\/2025\/08\/ryan-ancill-0w1MiTY78h0-unsplash-1-scaled.jpg\",\"width\":1707,\"height\":2560},{\"@type\":\"BreadcrumbList\",\"@id\":\"https:\/\/amdp-paysage.fr\/index.php\/nos-services\/#breadcrumb\",\"itemListElement\":[{\"@type\":\"ListItem\",\"position\":1,\"name\":\"Accueil\",\"item\":\"https:\/\/amdp-paysage.fr\/\"},{\"@type\":\"ListItem\",\"position\":2,\"name\":\"Nos services\"}]},{\"@type\":\"WebSite\",\"@id\":\"https:\/\/amdp-paysage.fr\/#website\",\"url\":\"https:\/\/amdp-paysage.fr\/\",\"name\":\"AMDP - Paysage\",\"description\":\"\",\"publisher\":{\"@id\":\"https:\/\/amdp-paysage.fr\/#organization\"},\"potentialAction\":[{\"@type\":\"SearchAction\",\"target\":{\"@type\":\"EntryPoint\",\"urlTemplate\":\"https:\/\/amdp-paysage.fr\/?s={search_term_string}\"},\"query-input\":{\"@type\":\"PropertyValueSpecification\",\"valueRequired\":true,\"valueName\":\"search_term_string\"}}],\"inLanguage\":\"fr-FR\"},{\"@type\":\"Organization\",\"@id\":\"https:\/\/amdp-paysage.fr\/#organization\",\"name\":\"AMDP - Paysage\",\"url\":\"https:\/\/amdp-paysage.fr\/\",\"logo\":{\"@type\":\"ImageObject\",\"inLanguage\":\"fr-FR\",\"@id\":\"https:\/\/amdp-paysage.fr\/#\/schema\/logo\/image\/\",\"url\":\"https:\/\/amdp-paysage.fr\/wp-content\/uploads\/2025\/08\/cropped-cropped-Logo-final-V2_page-0002.jpg\",\"contentUrl\":\"https:\/\/amdp-paysage.fr\/wp-content\/uploads\/2025\/08\/cropped-cropped-Logo-final-V2_page-0002.jpg\",\"width\":512,\"height\":512,\"caption\":\"AMDP - Paysage\"},\"image\":{\"@id\":\"https:\/\/amdp-paysage.fr\/#\/schema\/logo\/image\/\"}}]}<\/script>\n<!-- \/ Yoast SEO plugin. -->","yoast_head_json":{"title":"Nos services - AMDP - Paysage","robots":{"index":"index","follow":"follow","max-snippet":"max-snippet:-1","max-image-preview":"max-image-preview:large","max-video-preview":"max-video-preview:-1"},"canonical":"https:\/\/amdp-paysage.fr\/index.php\/nos-services\/","og_locale":"fr_FR","og_type":"article","og_title":"Nos services - AMDP - Paysage","og_description":"Bureau d&rsquo;\u00e9tude Le bureau d\u2019\u00e9tudes d\u2019AMDP transforme les id\u00e9es en solutions concr\u00e8tes, de la conception \u00e0 la mise en service. Gr\u00e2ce aux logiciels 3D et aux rendus r\u00e9alistes de&nbsp;Lumion, chaque projet est visualis\u00e9 dans son environnement avant fabrication, garantissant pr\u00e9cision, efficacit\u00e9 et satisfaction client. En savoir plus&#8230; Cr\u00e9ation de jardin Nous concevons et am\u00e9nageons des [&hellip;]","og_url":"https:\/\/amdp-paysage.fr\/index.php\/nos-services\/","og_site_name":"AMDP - Paysage","article_modified_time":"2025-11-12T14:29:49+00:00","og_image":[{"width":1707,"height":2560,"url":"https:\/\/amdp-paysage.fr\/wp-content\/uploads\/2025\/08\/ryan-ancill-0w1MiTY78h0-unsplash-1-scaled.jpg","type":"image\/jpeg"}],"twitter_card":"summary_large_image","twitter_misc":{"Dur\u00e9e de lecture estim\u00e9e":"1 minute"},"schema":{"@context":"https:\/\/schema.org","@graph":[{"@type":"WebPage","@id":"https:\/\/amdp-paysage.fr\/index.php\/nos-services\/","url":"https:\/\/amdp-paysage.fr\/index.php\/nos-services\/","name":"Nos services - AMDP - Paysage","isPartOf":{"@id":"https:\/\/amdp-paysage.fr\/#website"},"primaryImageOfPage":{"@id":"https:\/\/amdp-paysage.fr\/index.php\/nos-services\/#primaryimage"},"image":{"@id":"https:\/\/amdp-paysage.fr\/index.php\/nos-services\/#primaryimage"},"thumbnailUrl":"https:\/\/amdp-paysage.fr\/wp-content\/uploads\/2025\/08\/ryan-ancill-0w1MiTY78h0-unsplash-1-scaled.jpg","datePublished":"2025-08-09T16:38:56+00:00","dateModified":"2025-11-12T14:29:49+00:00","breadcrumb":{"@id":"https:\/\/amdp-paysage.fr\/index.php\/nos-services\/#breadcrumb"},"inLanguage":"fr-FR","potentialAction":[{"@type":"ReadAction","target":["https:\/\/amdp-paysage.fr\/index.php\/nos-services\/"]}]},{"@type":"ImageObject","inLanguage":"fr-FR","@id":"https:\/\/amdp-paysage.fr\/index.php\/nos-services\/#primaryimage","url":"https:\/\/amdp-paysage.fr\/wp-content\/uploads\/2025\/08\/ryan-ancill-0w1MiTY78h0-unsplash-1-scaled.jpg","contentUrl":"https:\/\/amdp-paysage.fr\/wp-content\/uploads\/2025\/08\/ryan-ancill-0w1MiTY78h0-unsplash-1-scaled.jpg","width":1707,"height":2560},{"@type":"BreadcrumbList","@id":"https:\/\/amdp-paysage.fr\/index.php\/nos-services\/#breadcrumb","itemListElement":[{"@type":"ListItem","position":1,"name":"Accueil","item":"https:\/\/amdp-paysage.fr\/"},{"@type":"ListItem","position":2,"name":"Nos services"}]},{"@type":"WebSite","@id":"https:\/\/amdp-paysage.fr\/#website","url":"https:\/\/amdp-paysage.fr\/","name":"AMDP - Paysage","description":"","publisher":{"@id":"https:\/\/amdp-paysage.fr\/#organization"},"potentialAction":[{"@type":"SearchAction","target":{"@type":"EntryPoint","urlTemplate":"https:\/\/amdp-paysage.fr\/?s={search_term_string}"},"query-input":{"@type":"PropertyValueSpecification","valueRequired":true,"valueName":"search_term_string"}}],"inLanguage":"fr-FR"},{"@type":"Organization","@id":"https:\/\/amdp-paysage.fr\/#organization","name":"AMDP - Paysage","url":"https:\/\/amdp-paysage.fr\/","logo":{"@type":"ImageObject","inLanguage":"fr-FR","@id":"https:\/\/amdp-paysage.fr\/#\/schema\/logo\/image\/","url":"https:\/\/amdp-paysage.fr\/wp-content\/uploads\/2025\/08\/cropped-cropped-Logo-final-V2_page-0002.jpg","contentUrl":"https:\/\/amdp-paysage.fr\/wp-content\/uploads\/2025\/08\/cropped-cropped-Logo-final-V2_page-0002.jpg","width":512,"height":512,"caption":"AMDP - Paysage"},"image":{"@id":"https:\/\/amdp-paysage.fr\/#\/schema\/logo\/image\/"}}]}},"_links":{"self":[{"href":"https:\/\/amdp-paysage.fr\/index.php\/wp-json\/wp\/v2\/pages\/580","targetHints":{"allow":["GET"]}}],"collection":[{"href":"https:\/\/amdp-paysage.fr\/index.php\/wp-json\/wp\/v2\/pages"}],"about":[{"href":"https:\/\/amdp-paysage.fr\/index.php\/wp-json\/wp\/v2\/types\/page"}],"author":[{"embeddable":true,"href":"https:\/\/amdp-paysage.fr\/index.php\/wp-json\/wp\/v2\/users\/1"}],"replies":[{"embeddable":true,"href":"https:\/\/amdp-paysage.fr\/index.php\/wp-json\/wp\/v2\/comments?post=580"}],"version-history":[{"count":68,"href":"https:\/\/amdp-paysage.fr\/index.php\/wp-json\/wp\/v2\/pages\/580\/revisions"}],"predecessor-version":[{"id":1573,"href":"https:\/\/amdp-paysage.fr\/index.php\/wp-json\/wp\/v2\/pages\/580\/revisions\/1573"}],"wp:attachment":[{"href":"https:\/\/amdp-paysage.fr\/index.php\/wp-json\/wp\/v2\/media?parent=580"}],"curies":[{"name":"wp","href":"https:\/\/api.w.org\/{rel}","templated":true}]}}